{"id":10166,"date":"2021-08-06T17:09:40","date_gmt":"2021-08-06T14:09:40","guid":{"rendered":"https:\/\/winemakersofnorthgreece.gr\/?page_id=10166"},"modified":"2021-08-13T10:01:00","modified_gmt":"2021-08-13T07:01:00","slug":"weine-pdo","status":"publish","type":"page","link":"https:\/\/winemakersofnorthgreece.gr\/de\/weine-pdo\/","title":{"rendered":"Weine PDO"},"content":{"rendered":"<p>[vc_row row_content_width=&#8220;grid&#8220; css=&#8220;.vc_custom_1569414181451{padding-top: 125px !important;padding-bottom: 14px !important;}&#8220;][vc_column]<div class=\"qodef-shortcode qodef-m  qodef-section-title qodef-alignment--center \">\n\t\t<h2 class=\"qodef-m-title\" >\n\t\tProtected Destination OF origin (PDO) Weinanbau-Gebiete\t\t<\/h2>\n\t\t<p class=\"qodef-m-subtitle\" >Nordgriechenland<\/p>\n\t<\/div>[\/vc_column][\/vc_row][vc_row row_content_width=&#8220;grid&#8220;][vc_column css=&#8220;.vc_custom_1573571964675{padding-right: 16px !important;padding-left: 25% !important;}&#8220; offset=&#8220;vc_col-lg-6 vc_col-md-6&#8243; column_responsive_padding_680=&#8220;0 15px 0 15px&#8220; column_responsive_padding_1024=&#8220;0 16px 0 0&#8243; column_responsive_padding_768=&#8220;0 15px 0 15px&#8220;][vc_column_text]In Ubereinstimmung mit den EU-Regularien bedeutet die Phrase \u201cProtected Designation of Origin\u201d oder kurz \u201cPDO\u201d auf einem Etikett, dass der Wein aus einer exakt definierten Region mit einem ganz speziellen Namen stammt, nur mit den in diesem Gebiet erlaubten Rebsorten produziert wurde, mit den fur dieses Gebiet traditionellen Techniken hergestellt wurde und bestimmte sensorische Charakteristika aufweist.<\/p>\n<p>[\/vc_column_text][\/vc_column][vc_column css=&#8220;.vc_custom_1573571970678{padding-right: 25% !important;padding-left: 16px !important;}&#8220; offset=&#8220;vc_col-lg-6 vc_col-md-6&#8243; column_responsive_padding_680=&#8220;30px 15px 0 15px&#8220; column_responsive_padding_1024=&#8220;0px 0 0 16px&#8220; column_responsive_padding_768=&#8220;30px 15px 0 15px&#8220;][vc_column_text]Weine mit dem Hinweis \u201cPDO\u201d haben einen Charakter, der typisch fur die entsprechende Region ist, aus der sie stammen.<\/p>\n<p>Es gibt in Nordgriechenland sechs PDO-Regionen. Die Region Rapsani liegt am Fu?e des Bergs Olymp. Die Region Zitsa liegt in Epirus. Die Region Amynteo umgibt die Stadt Naoussa am Fu? des Bergs Vermion. Die Region Goumenissa erstreckt sich um den Berg Paiko und die Stadt Goumenissa. Die Region \u201cHange des Meliton\u201d befindet sich auf der Chalkidiki an den Hangen des Berges Meliton auf der Halbinsel Sithonia.[\/vc_column_text][\/vc_column][\/vc_row][vc_row css=&#8220;.vc_custom_1626269239471{padding-bottom: 120px !important;}&#8220;][vc_column css=&#8220;.vc_custom_1569940255517{padding-top: 85px !important;padding-right: 4.4% !important;padding-left: 4.4% !important;}&#8220; column_responsive_padding_1440=&#8220;95px 6%&#8220; column_responsive_padding_1366=&#8220;95px 6%&#8220; column_responsive_padding_1280=&#8220;95px 6%&#8220; column_responsive_padding_1024=&#8220;85px 0&#8243; column_responsive_padding_768=&#8220;85px 0&#8243; column_responsive_padding_680=&#8220;85px 0&#8243;][vc_row_inner css=&#8220;.vc_custom_1573051373319{padding-top: 94px !important;padding-bottom: 50px !important;background-image: url(https:\/\/aperitif.qodeinteractive.com\/wp-content\/uploads\/2019\/11\/pozadina-test.jpg?id=4284) !important;}&#8220;][vc_column_inner width=&#8220;1\/2&#8243; css=&#8220;.vc_custom_1570610670656{padding-left: 23% !important;}&#8220; column_responsive_padding_1440=&#8220;32px 0 90px 15.5%&#8220; column_responsive_padding_1366=&#8220;32px 0 90px 12%&#8220; column_responsive_padding_1280=&#8220;32px 0 90px 10%&#8220; offset=&#8220;vc_col-lg-6&#8243; column_responsive_padding_1024=&#8220;32px 14% 90px&#8220; column_responsive_padding_768=&#8220;32px 13.5% 90px&#8220; column_responsive_padding_680=&#8220;32px 15.5% 90px&#8220;]<div class=\"qodef-shortcode qodef-m  qodef-section-title qodef-alignment--left \">\n\t\t<h3 class=\"qodef-m-title\" >\n\t\tPDO-Regionen\t\t<\/h3>\n\t\t<p class=\"qodef-m-subtitle\" >Es gibt in Nordgriechenland sechs PDO-Regionen<\/p>\n\t<\/div>[vc_empty_space height=&#8220;34px&#8220;]<div class=\"qodef-shortcode qodef-m  qodef-accordion clear qodef-behavior--toggle qodef-layout--simple\">\n\t<h6 class=\"qodef-accordion-title\">\n<span class=\"qodef-tab-title\">\n\t\tPDO Amynteo\t<\/span>\n<span class=\"qodef-accordion-mark\">\n\t\t<span class=\"qodef-icon--plus icon-arrows-plus\"><\/span>\n\t\t<span class=\"qodef-icon--minus icon-arrows-minus\"><\/span>\n\t<\/span>\n<\/h6>\n<div class=\"qodef-accordion-content\">\n\t<div class=\"qodef-accordion-content-inner\">\n\t\t[vc_column_text]Die Weinbauregion, die den\u00a0\u201cAmyntaio\u201c (g.U.) hervorbringt, wurde\u00a01972 als offizielle Herkunftsbezeichnung zugelassen.<\/p>\n<p>Sie erstreckt sich im Gebiet des Amyntaio-Plateaus zwischen den Seen Vegoritis und Petres. Auf 570 \u2013 750 Metern \u00fcber dem Meeresspiegel befinden sich um die 550 Hektar Weinberge, die die Gemeinden Agios Panteleimonas, Vegora, Lakkia, Kleidi, Petres, Antigoneia, Maniaki, Xino Nero, Fanos, Pedino, Aetos, Rodonas, Agrapidies, Anargyroi und Variko im Bezirk Florina einschlie\u00dfen.<\/p>\n<p>&nbsp;<\/p>\n<p>Die Region hat ein fast kontinentales Klima mit niedrigen Temperaturen und kr\u00e4ftigem Schneefall im Winter, wohingegen die Nordwinde im Sommer eher selten sind.<br \/>\nDie hier haupts\u00e4chlich angebaute Rebsorte ist der Xinomavro, und es gibt die folgenden anerkannten \u201cAmyntaio\u201d (g.U.) Weine:<br \/>\n&#8211;\u00a0\u00a0\u00a0 Rot und Ros\u00e9: trocken, halb-trocken und lieblich<br \/>\n&#8211;\u00a0\u00a0\u00a0 Schaumweine: ros\u00e9, trocken und lieblich[\/vc_column_text]\t<\/div>\n<\/div><h6 class=\"qodef-accordion-title\">\n<span class=\"qodef-tab-title\">\n\t\tPDO Goumenissa\t<\/span>\n<span class=\"qodef-accordion-mark\">\n\t\t<span class=\"qodef-icon--plus icon-arrows-plus\"><\/span>\n\t\t<span class=\"qodef-icon--minus icon-arrows-minus\"><\/span>\n\t<\/span>\n<\/h6>\n<div class=\"qodef-accordion-content\">\n\t<div class=\"qodef-accordion-content-inner\">\n\t\t[vc_column_text]Die Anbauregion des trockenen, roten\u00a0\u201cGoumenissa\u201d (g.U.) wurde\u00a01979 offiziell als Herkunftsbezeichnung anerkannt.<\/p>\n<p>Dieses Gebiet umfasst die Stadt Goumenissa und die Gemeinden Filyria, Stathi, Gorgopi, Karpi, Griva, Pentalofos, Polypetro und Gerakona im Bezirk Kilkis.<\/p>\n<p>&nbsp;<\/p>\n<p>Die roten Rebsorten Xinomavro und Negoska werden in den meisten Weinbergen der Region auf einer Fl\u00e4che von etwa 200 Hektar angebaut. Diese zieht sich \u00fcber die \u00f6stlichen H\u00e4nge des Berges Paiko und \u00fcber die sanften H\u00fcgel der Region; alles auf einer H\u00f6he von mehr als 150 Meter \u00fcber dem Meeresspiegel. Die Reben werden nicht bew\u00e4ssert, und ihr Ertrag \u00fcbersteigt nie 10.000 kg\/Hektar.<\/p>\n<p>&nbsp;<\/p>\n<p>Der rote \u201cGoumenissa\u201d (g.U.) enth\u00e4lt mehr als 20 % Negoska, und sein Alkoholgehalt liegt bei mindestens 11,5 %\/vol. Er reift f\u00fcr mindestens ein Jahr im Barrique und hat eine tiefdunkle Farbe, ein fruchtiges Bouquet und einen weichen Gaumen.[\/vc_column_text]\t<\/div>\n<\/div><h6 class=\"qodef-accordion-title\">\n<span class=\"qodef-tab-title\">\n\t\tPDO Zitsa\t<\/span>\n<span class=\"qodef-accordion-mark\">\n\t\t<span class=\"qodef-icon--plus icon-arrows-plus\"><\/span>\n\t\t<span class=\"qodef-icon--minus icon-arrows-minus\"><\/span>\n\t<\/span>\n<\/h6>\n<div class=\"qodef-accordion-content\">\n\t<div class=\"qodef-accordion-content-inner\">\n\t\t[vc_column_text]Die Herkunftsbezeichnung\u00a0\u201cZitsa\u201d wurde\u00a01972 offiziell anerkannt und betrifft trockene Wei\u00dfweine sowie trockene oder liebliche Schaumweine mit gesch\u00fctzter Ursprungsbezeichnung, die ausschlie\u00dflich aus Debina-Trauben hergestellt werden.<\/p>\n<p>Das Weinbaugebiet Zitsa umfasst die Weinberge der Gemeinden Zitsa, Protopapa, Ligobsa, Klimatia, Karitsa und Gavrisia im Bezirk Ioannina. Die Weinberge erstrecken sich auf einer H\u00f6he von 700 Meter \u00fcber dem Meeresspiegel bis zum Fluss Kalamas, und ihr Ertrag betr\u00e4gt maximal 10.000 kg\/Hektar.[\/vc_column_text]\t<\/div>\n<\/div><h6 class=\"qodef-accordion-title\">\n<span class=\"qodef-tab-title\">\n\t\tPDO Naoussa\t<\/span>\n<span class=\"qodef-accordion-mark\">\n\t\t<span class=\"qodef-icon--plus icon-arrows-plus\"><\/span>\n\t\t<span class=\"qodef-icon--minus icon-arrows-minus\"><\/span>\n\t<\/span>\n<\/h6>\n<div class=\"qodef-accordion-content\">\n\t<div class=\"qodef-accordion-content-inner\">\n\t\t[vc_column_text]Die Herkunftsbezeichnung\u00a0\u201cNaoussa\u201d wurde\u00a01971 offiziell anerkannt und betrifft Rotweine, die aus den Trauben der Xinomavro-Rebe produziert werden und in den Gemeinden Trilofos-Fyteia, Stenimachos, Kopanos, Lafkadia, Marina-Polla Nera, Giannakohori und der Stadt Naoussa im Bezirk Imathia produziert werden: auf einem Gesamtgebiet von etwa 700 Hektar.<br \/>\nDas Anbaugebiet Naoussa ist bekannt f\u00fcr kalte Nordwinde im Winter und leichten Regen das ganze Jahr \u00fcber, au\u00dfer in den Sommermonaten, in denen es oft D\u00fcrreperioden gibt.<\/p>\n<p>&nbsp;<\/p>\n<p>Der Boden in den bergigen Gegenden (Giannakohori, Fyteia) ist sandig-toniger Lehm und in den Ebenen sandiger Ton. Diese Bodenbeschaffenheit sorgt f\u00fcr gut beschaffene Rotweine mit vollem K\u00f6rper. Die Weinberge befinden sich an den sonnigen S\u00fcd-Ost-H\u00e4ngen des Bergs Vermion, gesch\u00fctzt vor den Nordwinden, auf einer H\u00f6he von 150 \u2013 350 Meter \u00fcber dem Meeresspiegel. In diesem \u00d6kosystem findet der Xinomavro die notwendige Menge an Wasser, um zu wachsen und gen\u00fcgend Sonne, um zu reifen.<\/p>\n<p>&nbsp;<\/p>\n<p>Die roten \u201cNoussa\u201d-Weine (g.U.) sind \u00fcberwiegend trocken, k\u00f6nnen aber auch halb-trocken oder lieblich ausgebaut werden. Die trockenen Varianten bleiben mindestens ein Jahr zum Reifen in kleinen Eichenf\u00e4ssern; sie haben eine rubinrote Farbe, ein komplexes Bouquet aus roten Fr\u00fcchten und Gew\u00fcrzen und einen vollmundigen, weichen Geschmack.[\/vc_column_text]\t<\/div>\n<\/div><h6 class=\"qodef-accordion-title\">\n<span class=\"qodef-tab-title\">\n\t\tPDO H\u00e4nge des Meliton\t<\/span>\n<span class=\"qodef-accordion-mark\">\n\t\t<span class=\"qodef-icon--plus icon-arrows-plus\"><\/span>\n\t\t<span class=\"qodef-icon--minus icon-arrows-minus\"><\/span>\n\t<\/span>\n<\/h6>\n<div class=\"qodef-accordion-content\">\n\t<div class=\"qodef-accordion-content-inner\">\n\t\t[vc_column_text]Die Anbauregion des\u00a0\u201cPlagies Melitona\u201d g.U. (H\u00e4nge des Meliton)\u00a0wurde 1982 offiziell als Herkunftsbezeichnung anerkannt. Die Weine dieser Herkunftsbezeichnung stammen aus Weinbergen an den H\u00e4ngen des Berges Meliton in N. Marmaras auf der Halbinsel Chalkidiki.<\/p>\n<h6><\/h6>\n<p>Die Weinberge befinden sich auf einer H\u00f6he von mindestens 100 Meter \u00fcber dem Meeresspiegel, werden nicht bew\u00e4ssert und der Ertrag \u00fcbersteigt nie die Menge von 8.000 kg\/Hektar.<br \/>\nDas Klima ist trocken und hei\u00df. Allerdings sorgt das direkte Umfeld der Reben mit dem Meer und den B\u00e4umen, die die abendliche Feuchtigkeit in sich aufnehmen daf\u00fcr, dass auch an den w\u00e4rmsten Sommertagen ein klimatisches Gleichgewicht besteht.<\/p>\n<h6><\/h6>\n<p>Die Wei\u00dfweine haben einen Alkoholgehalt von mindestens 11 %\/Vol. und werden aus 50 % Athiri,\u00a0 35 % Roditis und 15 % Assyrtiko gemischt. Die Rotweine haben mindestens 11,5 %\/vol. Alkohol und beinhalten 70 % Limnio und 30 % Cabernet Sauvignon \/ Cabernet Franc. Sie bleiben f\u00fcr mindestens ein Jahr zur Reifung im Barrique.[\/vc_column_text]\t<\/div>\n<\/div><h6 class=\"qodef-accordion-title\">\n<span class=\"qodef-tab-title\">\n\t\tPDO Rapsani\t<\/span>\n<span class=\"qodef-accordion-mark\">\n\t\t<span class=\"qodef-icon--plus icon-arrows-plus\"><\/span>\n\t\t<span class=\"qodef-icon--minus icon-arrows-minus\"><\/span>\n\t<\/span>\n<\/h6>\n<div class=\"qodef-accordion-content\">\n\t<div class=\"qodef-accordion-content-inner\">\n\t\t[vc_column_text]Die Herkunftsbezeichnung\u00a0\u201cRapsani\u201d wurde\u00a01971 offiziell anerkannt und betrifft trockene Rotweine, die aus Xinomavro, Stavroto und Krasato-Trauben gewonnen werden und f\u00fcr mindestens ein Jahr zur Reifung in Eichenf\u00e4ssern bleiben.<br \/>\nDie Weinbauregion Rapsani bedeckt ca. 310 Hektar und beinhaltet die Weinberge der Gemeinden Rapsani, Krania, Pyrgetos und Ambelakia im Bezirk Larissa. Der Ertrag bel\u00e4uft sich auf h\u00f6chstens 10.000 kg\/Hektar.<\/p>\n<h6><\/h6>\n<p>Die nat\u00fcrlichen Gegebenheiten (Mikroklima, Boden, Bodenstruktur, nat\u00fcrliche Vegetation, Beanspruchung,\u2026) und die angebauten Rebsorten machen den Rapsani Weinberg zu einem der sch\u00f6nsten Weinberge Griechenlands.<\/p>\n<h6><\/h6>\n<p>Der \u201cRapsani\u201d (g.U.) hat eine tiefrote Farbe mit einem komplexen Bouquet aus roten Fr\u00fcchten, Pflaumen, Vanille und Zimt und einen vollmundigen Gaumen mit sanften Tanninen und einem langen Abgang.[\/vc_column_text]\t<\/div>\n<\/div><\/div>[\/vc_column_inner][vc_column_inner width=&#8220;1\/2&#8243; css=&#8220;.vc_custom_1572965015821{padding-right: 23% !important;}&#8220; column_responsive_padding_1440=&#8220;0 15% 0 0&#8243; column_responsive_padding_1366=&#8220;0 15% 0 0&#8243; column_responsive_padding_1280=&#8220;0 10% 0 0&#8243; offset=&#8220;vc_col-lg-6&#8243; column_responsive_padding_680=&#8220;0 10% 0&#8243; column_responsive_padding_1024=&#8220;0 20% 0 0&#8243; column_responsive_padding_768=&#8220;0 10% 0 0&#8243;][vc_single_image image=&#8220;10156&#8243; img_size=&#8220;full&#8220; alignment=&#8220;right&#8220;][\/vc_column_inner][\/vc_row_inner][\/vc_column][\/vc_row]<\/p>\n","protected":false},"excerpt":{"rendered":"<p>[vc_row row_content_width=&#8220;grid&#8220; css=&#8220;.vc_custom_1569414181451{padding-top: 125px !important;padding-bottom: 14px !important;}&#8220;][vc_column][\/vc_column][\/vc_row][vc_row row_content_width=&#8220;grid&#8220;][vc_column css=&#8220;.vc_custom_1573571964675{padding-right: 16px !important;padding-left: 25% !important;}&#8220; offset=&#8220;vc_col-lg-6 vc_col-md-6&#8243; column_responsive_padding_680=&#8220;0 15px 0 15px&#8220; column_responsive_padding_1024=&#8220;0 16px 0 0&#8243; column_responsive_padding_768=&#8220;0 15px 0 15px&#8220;][vc_column_text]In Ubereinstimmung mit den [&hellip;]<\/p>\n","protected":false},"author":1,"featured_media":0,"parent":0,"menu_order":0,"comment_status":"closed","ping_status":"closed","template":"page-full-width.php","meta":{"_vp_format_video_url":"","_vp_image_focal_point":[]},"diadromi":[],"business":[],"yoast_head":"<!-- This site is optimized with the Yoast SEO plugin v19.11 - https:\/\/yoast.com\/wordpress\/plugins\/seo\/ -->\n<title>Weine PDO | WINEMAKERS OF NORTH GREECE<\/title>\n<meta name=\"robots\" content=\"index, follow, max-snippet:-1, max-image-preview:large, max-video-preview:-1\" \/>\n<link rel=\"canonical\" href=\"https:\/\/winemakersofnorthgreece.gr\/de\/weine-pdo\/\" \/>\n<meta property=\"og:locale\" content=\"de_DE\" \/>\n<meta property=\"og:type\" content=\"article\" \/>\n<meta property=\"og:title\" content=\"Weine PDO | WINEMAKERS OF NORTH GREECE\" \/>\n<meta property=\"og:description\" content=\"[vc_row row_content_width=&#8220;grid&#8220; css=&#8220;.vc_custom_1569414181451{padding-top: 125px !important;padding-bottom: 14px !important;}&#8220;][vc_column][\/vc_column][\/vc_row][vc_row row_content_width=&#8220;grid&#8220;][vc_column css=&#8220;.vc_custom_1573571964675{padding-right: 16px !important;padding-left: 25% !important;}&#8220; offset=&#8220;vc_col-lg-6 vc_col-md-6&#8243; column_responsive_padding_680=&#8220;0 15px 0 15px&#8220; column_responsive_padding_1024=&#8220;0 16px 0 0&#8243; column_responsive_padding_768=&#8220;0 15px 0 15px&#8220;][vc_column_text]In Ubereinstimmung mit den [&hellip;]\" \/>\n<meta property=\"og:url\" content=\"https:\/\/winemakersofnorthgreece.gr\/de\/weine-pdo\/\" \/>\n<meta property=\"og:site_name\" content=\"WINEMAKERS OF NORTH GREECE\" \/>\n<meta property=\"article:publisher\" content=\"https:\/\/www.facebook.com\/Wine-Roads-of-North-Greece-110107051176714\" \/>\n<meta property=\"article:modified_time\" content=\"2021-08-13T07:01:00+00:00\" \/>\n<meta property=\"og:image\" content=\"https:\/\/winemakersofnorthgreece.gr\/wp-content\/uploads\/2021\/07\/ENOABE-SOCIAL.jpg\" \/>\n\t<meta property=\"og:image:width\" content=\"1200\" \/>\n\t<meta property=\"og:image:height\" content=\"630\" \/>\n\t<meta property=\"og:image:type\" content=\"image\/jpeg\" \/>\n<meta name=\"twitter:card\" content=\"summary_large_image\" \/>\n<meta name=\"twitter:site\" content=\"@Wines_ofNorthGR\" \/>\n<meta name=\"twitter:label1\" content=\"Gesch\u00e4tzte Lesezeit\" \/>\n\t<meta name=\"twitter:data1\" content=\"5\u00a0Minuten\" \/>\n<script type=\"application\/ld+json\" class=\"yoast-schema-graph\">{\"@context\":\"https:\/\/schema.org\",\"@graph\":[{\"@type\":\"WebPage\",\"@id\":\"https:\/\/winemakersofnorthgreece.gr\/de\/weine-pdo\/\",\"url\":\"https:\/\/winemakersofnorthgreece.gr\/de\/weine-pdo\/\",\"name\":\"Weine PDO | WINEMAKERS OF NORTH GREECE\",\"isPartOf\":{\"@id\":\"https:\/\/winemakersofnorthgreece.gr\/de\/#website\"},\"datePublished\":\"2021-08-06T14:09:40+00:00\",\"dateModified\":\"2021-08-13T07:01:00+00:00\",\"breadcrumb\":{\"@id\":\"https:\/\/winemakersofnorthgreece.gr\/de\/weine-pdo\/#breadcrumb\"},\"inLanguage\":\"de\",\"potentialAction\":[{\"@type\":\"ReadAction\",\"target\":[\"https:\/\/winemakersofnorthgreece.gr\/de\/weine-pdo\/\"]}]},{\"@type\":\"BreadcrumbList\",\"@id\":\"https:\/\/winemakersofnorthgreece.gr\/de\/weine-pdo\/#breadcrumb\",\"itemListElement\":[{\"@type\":\"ListItem\",\"position\":1,\"name\":\"Home\",\"item\":\"https:\/\/winemakersofnorthgreece.gr\/de\/\"},{\"@type\":\"ListItem\",\"position\":2,\"name\":\"Weine PDO\"}]},{\"@type\":\"WebSite\",\"@id\":\"https:\/\/winemakersofnorthgreece.gr\/de\/#website\",\"url\":\"https:\/\/winemakersofnorthgreece.gr\/de\/\",\"name\":\"WINEMAKERS OF NORTH GREECE\",\"description\":\"Leaders Create Here\",\"publisher\":{\"@id\":\"https:\/\/winemakersofnorthgreece.gr\/de\/#organization\"},\"potentialAction\":[{\"@type\":\"SearchAction\",\"target\":{\"@type\":\"EntryPoint\",\"urlTemplate\":\"https:\/\/winemakersofnorthgreece.gr\/de\/?s={search_term_string}\"},\"query-input\":\"required name=search_term_string\"}],\"inLanguage\":\"de\"},{\"@type\":\"Organization\",\"@id\":\"https:\/\/winemakersofnorthgreece.gr\/de\/#organization\",\"name\":\"\u039f\u0399\u039d\u039f\u03a0\u039f\u0399\u039f\u0399 \u0392\u039f\u03a1\u0395\u0399\u039f\u03a5 \u0395\u039b\u039b\u0391\u0394\u039f\u03a3\",\"url\":\"https:\/\/winemakersofnorthgreece.gr\/de\/\",\"logo\":{\"@type\":\"ImageObject\",\"inLanguage\":\"de\",\"@id\":\"https:\/\/winemakersofnorthgreece.gr\/de\/#\/schema\/logo\/image\/\",\"url\":\"https:\/\/winemakersofnorthgreece.gr\/wp-content\/uploads\/2021\/07\/ENOABE-LOGO-WEB.png\",\"contentUrl\":\"https:\/\/winemakersofnorthgreece.gr\/wp-content\/uploads\/2021\/07\/ENOABE-LOGO-WEB.png\",\"width\":501,\"height\":465,\"caption\":\"\u039f\u0399\u039d\u039f\u03a0\u039f\u0399\u039f\u0399 \u0392\u039f\u03a1\u0395\u0399\u039f\u03a5 \u0395\u039b\u039b\u0391\u0394\u039f\u03a3\"},\"image\":{\"@id\":\"https:\/\/winemakersofnorthgreece.gr\/de\/#\/schema\/logo\/image\/\"},\"sameAs\":[\"https:\/\/www.instagram.com\/wineroadsofnorthgreece\/\",\"https:\/\/www.youtube.com\/channel\/UCKfgiaGFpB1tdPUkiOf2wIw\",\"https:\/\/www.facebook.com\/Wine-Roads-of-North-Greece-110107051176714\",\"https:\/\/twitter.com\/Wines_ofNorthGR\"]}]}<\/script>\n<!-- \/ Yoast SEO plugin. -->","yoast_head_json":{"title":"Weine PDO | WINEMAKERS OF NORTH GREECE","robots":{"index":"index","follow":"follow","max-snippet":"max-snippet:-1","max-image-preview":"max-image-preview:large","max-video-preview":"max-video-preview:-1"},"canonical":"https:\/\/winemakersofnorthgreece.gr\/de\/weine-pdo\/","og_locale":"de_DE","og_type":"article","og_title":"Weine PDO | WINEMAKERS OF NORTH GREECE","og_description":"[vc_row row_content_width=&#8220;grid&#8220; css=&#8220;.vc_custom_1569414181451{padding-top: 125px !important;padding-bottom: 14px !important;}&#8220;][vc_column][\/vc_column][\/vc_row][vc_row row_content_width=&#8220;grid&#8220;][vc_column css=&#8220;.vc_custom_1573571964675{padding-right: 16px !important;padding-left: 25% !important;}&#8220; offset=&#8220;vc_col-lg-6 vc_col-md-6&#8243; column_responsive_padding_680=&#8220;0 15px 0 15px&#8220; column_responsive_padding_1024=&#8220;0 16px 0 0&#8243; column_responsive_padding_768=&#8220;0 15px 0 15px&#8220;][vc_column_text]In Ubereinstimmung mit den [&hellip;]","og_url":"https:\/\/winemakersofnorthgreece.gr\/de\/weine-pdo\/","og_site_name":"WINEMAKERS OF NORTH GREECE","article_publisher":"https:\/\/www.facebook.com\/Wine-Roads-of-North-Greece-110107051176714","article_modified_time":"2021-08-13T07:01:00+00:00","og_image":[{"width":1200,"height":630,"url":"https:\/\/winemakersofnorthgreece.gr\/wp-content\/uploads\/2021\/07\/ENOABE-SOCIAL.jpg","type":"image\/jpeg"}],"twitter_card":"summary_large_image","twitter_site":"@Wines_ofNorthGR","twitter_misc":{"Gesch\u00e4tzte Lesezeit":"5\u00a0Minuten"},"schema":{"@context":"https:\/\/schema.org","@graph":[{"@type":"WebPage","@id":"https:\/\/winemakersofnorthgreece.gr\/de\/weine-pdo\/","url":"https:\/\/winemakersofnorthgreece.gr\/de\/weine-pdo\/","name":"Weine PDO | WINEMAKERS OF NORTH GREECE","isPartOf":{"@id":"https:\/\/winemakersofnorthgreece.gr\/de\/#website"},"datePublished":"2021-08-06T14:09:40+00:00","dateModified":"2021-08-13T07:01:00+00:00","breadcrumb":{"@id":"https:\/\/winemakersofnorthgreece.gr\/de\/weine-pdo\/#breadcrumb"},"inLanguage":"de","potentialAction":[{"@type":"ReadAction","target":["https:\/\/winemakersofnorthgreece.gr\/de\/weine-pdo\/"]}]},{"@type":"BreadcrumbList","@id":"https:\/\/winemakersofnorthgreece.gr\/de\/weine-pdo\/#breadcrumb","itemListElement":[{"@type":"ListItem","position":1,"name":"Home","item":"https:\/\/winemakersofnorthgreece.gr\/de\/"},{"@type":"ListItem","position":2,"name":"Weine PDO"}]},{"@type":"WebSite","@id":"https:\/\/winemakersofnorthgreece.gr\/de\/#website","url":"https:\/\/winemakersofnorthgreece.gr\/de\/","name":"WINEMAKERS OF NORTH GREECE","description":"Leaders Create Here","publisher":{"@id":"https:\/\/winemakersofnorthgreece.gr\/de\/#organization"},"potentialAction":[{"@type":"SearchAction","target":{"@type":"EntryPoint","urlTemplate":"https:\/\/winemakersofnorthgreece.gr\/de\/?s={search_term_string}"},"query-input":"required name=search_term_string"}],"inLanguage":"de"},{"@type":"Organization","@id":"https:\/\/winemakersofnorthgreece.gr\/de\/#organization","name":"\u039f\u0399\u039d\u039f\u03a0\u039f\u0399\u039f\u0399 \u0392\u039f\u03a1\u0395\u0399\u039f\u03a5 \u0395\u039b\u039b\u0391\u0394\u039f\u03a3","url":"https:\/\/winemakersofnorthgreece.gr\/de\/","logo":{"@type":"ImageObject","inLanguage":"de","@id":"https:\/\/winemakersofnorthgreece.gr\/de\/#\/schema\/logo\/image\/","url":"https:\/\/winemakersofnorthgreece.gr\/wp-content\/uploads\/2021\/07\/ENOABE-LOGO-WEB.png","contentUrl":"https:\/\/winemakersofnorthgreece.gr\/wp-content\/uploads\/2021\/07\/ENOABE-LOGO-WEB.png","width":501,"height":465,"caption":"\u039f\u0399\u039d\u039f\u03a0\u039f\u0399\u039f\u0399 \u0392\u039f\u03a1\u0395\u0399\u039f\u03a5 \u0395\u039b\u039b\u0391\u0394\u039f\u03a3"},"image":{"@id":"https:\/\/winemakersofnorthgreece.gr\/de\/#\/schema\/logo\/image\/"},"sameAs":["https:\/\/www.instagram.com\/wineroadsofnorthgreece\/","https:\/\/www.youtube.com\/channel\/UCKfgiaGFpB1tdPUkiOf2wIw","https:\/\/www.facebook.com\/Wine-Roads-of-North-Greece-110107051176714","https:\/\/twitter.com\/Wines_ofNorthGR"]}]}},"_links":{"self":[{"href":"https:\/\/winemakersofnorthgreece.gr\/de\/wp-json\/wp\/v2\/pages\/10166"}],"collection":[{"href":"https:\/\/winemakersofnorthgreece.gr\/de\/wp-json\/wp\/v2\/pages"}],"about":[{"href":"https:\/\/winemakersofnorthgreece.gr\/de\/wp-json\/wp\/v2\/types\/page"}],"author":[{"embeddable":true,"href":"https:\/\/winemakersofnorthgreece.gr\/de\/wp-json\/wp\/v2\/users\/1"}],"replies":[{"embeddable":true,"href":"https:\/\/winemakersofnorthgreece.gr\/de\/wp-json\/wp\/v2\/comments?post=10166"}],"version-history":[{"count":10,"href":"https:\/\/winemakersofnorthgreece.gr\/de\/wp-json\/wp\/v2\/pages\/10166\/revisions"}],"predecessor-version":[{"id":10566,"href":"https:\/\/winemakersofnorthgreece.gr\/de\/wp-json\/wp\/v2\/pages\/10166\/revisions\/10566"}],"wp:attachment":[{"href":"https:\/\/winemakersofnorthgreece.gr\/de\/wp-json\/wp\/v2\/media?parent=10166"}],"wp:term":[{"taxonomy":"diadromi","embeddable":true,"href":"https:\/\/winemakersofnorthgreece.gr\/de\/wp-json\/wp\/v2\/diadromi?post=10166"},{"taxonomy":"business","embeddable":true,"href":"https:\/\/winemakersofnorthgreece.gr\/de\/wp-json\/wp\/v2\/business?post=10166"}],"curies":[{"name":"wp","href":"https:\/\/api.w.org\/{rel}","templated":true}]}}