{"id":10820,"date":"2021-08-23T11:07:47","date_gmt":"2021-08-23T08:07:47","guid":{"rendered":"https:\/\/winemakersofnorthgreece.gr\/?page_id=10820"},"modified":"2021-09-17T12:17:03","modified_gmt":"2021-09-17T09:17:03","slug":"weinstrasse-der-goetter-des-olymps","status":"publish","type":"page","link":"https:\/\/winemakersofnorthgreece.gr\/de\/weinstrasse-der-goetter-des-olymps\/","title":{"rendered":"Weinstra\u00dfe Der G\u00f6tter Des Olymps"},"content":{"rendered":"<p>[vc_section full_width=&#8220;stretch_row&#8220; css=&#8220;.vc_custom_1626682024266{padding-top: 50px !important;padding-bottom: 20px !important;background-image: url(https:\/\/winemakersofnorthgreece.gr\/wp-content\/uploads\/2019\/09\/title-img.jpg?id=3190) !important;}&#8220;][vc_row row_content_width=&#8220;grid&#8220;][vc_column][vc_row_inner row_content_width=&#8220;grid&#8220;][vc_column_inner width=&#8220;1\/2&#8243; css=&#8220;.vc_custom_1626680868222{padding-right: 16px !important;padding-left: 25% !important;}&#8220;][vc_column_text css=&#8220;.vc_custom_1629705326837{margin-bottom: 0px !important;border-bottom-width: 0px !important;padding-bottom: 0px !important;}&#8220;]<span style=\"color: #c8693a;\"><em>Weinstra\u00dfe<\/em><\/span>[\/vc_column_text]<div class=\"qodef-shortcode qodef-m  qodef-section-title qodef-alignment--left \">\n\t\t<h3 class=\"qodef-m-title\" >\n\t\tDer G\u00f6tter Des Olymps\t\t<\/h3>\n\t\t<\/div>[\/vc_column_inner][vc_column_inner width=&#8220;1\/2&#8243; css=&#8220;.vc_custom_1626680877594{padding-right: 25% !important;padding-left: 16px !important;}&#8220;][vc_single_image image=&#8220;10677&#8243; img_size=&#8220;250&#215;93&#8243; alignment=&#8220;right&#8220;][\/vc_column_inner][\/vc_row_inner][\/vc_column][\/vc_row][\/vc_section][vc_row row_content_width=&#8220;grid&#8220; css=&#8220;.vc_custom_1626360323569{margin-top: 50px !important;}&#8220;][vc_column css=&#8220;.vc_custom_1626680837297{padding-right: 16px !important;padding-left: 25% !important;}&#8220; offset=&#8220;vc_col-lg-6 vc_col-md-6&#8243; column_responsive_padding_680=&#8220;0 15px 0 15px&#8220; column_responsive_padding_1024=&#8220;0 16px 0 0&#8243; column_responsive_padding_768=&#8220;0 15px 0 15px&#8220;]<div class=\"qodef-shortcode qodef-m  qodef-dropcaps qodef-type--simple\">\n\t<span class=\"qodef-m-letter\" >D<\/span>\n\t\t\t<p class=\"qodef-m-text\" >as Tempi-Tal bildet die nat\u00fcrliche S\u00fcdgrenze der Weinstra\u00dfen Nordgriechenlands. Hier, im kristallklaren Wasser der Quellen, reinigten die Musen rituell Apollon nach der T\u00f6tung des Drachen Python, wie uns die Mythologie berichtet. Hier beginnt die erste Route der Weinstra\u00dfen Nordgriechenlands, die Weinstra\u00dfe der G\u00f6tter des Olymps.<\/p>\n\t<\/div>[vc_column_text]Hoch oben auf 800 Meter \u00fcber dem Meeresspiegel, an den s\u00fcd\u00f6stlichen Ausl\u00e4ufern des Olymps, blickt Rapsani \u00fcber die strahlend blaue \u00c4g\u00e4is, den Thermaischen Golf, die Str\u00e4nde der Chalkidiki, die Gipfel des Ossa-Gebirges und die Ebene Thessaliens. Sein Weinberg erstreckt sich in einer der sch\u00f6nsten Landschaften Griechenlands, an den H\u00e4ngen des Profitis Ilias. Auf diesen Bergspitzen entstand die Legende vom Nektar, dem Getr\u00e4nk der Olympischen G\u00f6tter.<\/p>\n<p>Hier befindet sich das Gebiet g.U. Rapsani. Der Wein Rapsani g.U. wird ausschlie\u00dflich aus der gemeinsamen Kelterung der drei roten Sorten Xinomavro, Krasato und Stavroto erzeugt.<\/p>\n<p>Rapsani ist bekannt f\u00fcr seine Feste und seine lokalen Pasteten.<br \/>\nVon Rapsani aus kann man sehr leicht auch Krania besuchen, ein Dorf, das am Osthang des unteren Olymps auf 700 Metern H\u00f6henlage errichtet wurde. Vor ihm dehnen sich die Ebene mit den M\u00fcndungen des Peneios-Flusses und die \u00c4g\u00e4is im Panoramablick aus.<\/p>\n<p>Danach nehmen wir die Autobahn, um Richtung Norden nach Pydna im Bezirk Pieria zu fahren. Auf der Strecke, unter dem Blick des mythischen Bergs Olymp mit seinen Gipfeln, Bergh\u00fctten, Bergwanderrouten und seinen unvergleichlichen Sch\u00f6nheiten, trifft der Besucher auf die Sandstr\u00e4nde von Platamonas, wo er die sch\u00f6nen Badestr\u00e4nde und frischen Fisch in Restaurants und Tavernen direkt am Meer genie\u00dfen kann. In Agios Panteleimonas kann er die traditionelle Siedlung und die venezianische Burg bewundern. In Dion kann er die antike Stadt mit den Heiligt\u00fcmern der G\u00f6tter der Makedonier besichtigen, ein einzigartiges Beispiel f\u00fcr die antike makedonische Architektur.[\/vc_column_text][\/vc_column][vc_column css=&#8220;.vc_custom_1573571970678{padding-right: 25% !important;padding-left: 16px !important;}&#8220; offset=&#8220;vc_col-lg-6 vc_col-md-6&#8243; column_responsive_padding_680=&#8220;30px 15px 0 15px&#8220; column_responsive_padding_1024=&#8220;0px 0 0 16px&#8220; column_responsive_padding_768=&#8220;30px 15px 0 15px&#8220;][vc_single_image image=&#8220;7681&#8243; img_size=&#8220;full&#8220;][vc_column_text]Auf der Weinstra\u00dfe kann der Besucher au\u00dfer den Weing\u00fctern, G\u00e4steh\u00e4usern, Restaurants, Werkst\u00e4tten, in denen lokale Produkte hergestellt werden, und den Unternehmen f\u00fcr alternativen Tourismus auch auf weitere touristische Vorschl\u00e4ge treffen, wie:<\/p>\n<ul>\n<li>Das Dorf Rapsani, sein wundersch\u00f6ner gepflasterter Dorfplatz mit den Platanen und dem Wein- und Rebenmuseum.<\/li>\n<li>Arch\u00e4ologische St\u00e4tte Dion<\/li>\n<li>Platamonas (Burg, Str\u00e4nde)<\/li>\n<li>Traditionelle Siedlung Skoteina<\/li>\n<li>Traditionelle Siedlung Palaios Panteleimonas<\/li>\n<li>Litochoro \u2013 Olymp (Bergh\u00fctten &#8211; Bergsteigertourismus)<\/li>\n<li>Tempi-Tal<\/li>\n<li>Verschiedene Orte mit Str\u00e4nden zum Baden und Fischtavernen, wie Leptokarya, Makrygialos, Methoni.<\/li>\n<\/ul>\n<p>Am Ende der Weinstra\u00dfe muss sich der Besucher entscheiden, ob er die Autobahn Egnatia Odos nimmt, um westlich zu den Weinstra\u00dfen von Naoussa, der Seen, Epirus und Pella-Goumenissa zu gelangen, oder ob er nach Thessaloniki weiterf\u00e4hrt, um den Weinstra\u00dfen Nordgriechenlands in Thessaloniki, der Chalkidiki, Ostmakedonien und Thrakien zu folgen.[\/vc_column_text][\/vc_column][\/vc_row][vc_row content_placement=&#8220;middle&#8220; content_text_alignment=&#8220;center&#8220; css=&#8220;.vc_custom_1566984417967{padding-top: 50px !important;}&#8220;][vc_column]<p class=\"qodef-shortcode qodef-m  qodef-custom-font qodef-custom-font-2797 qodef-layout--simple\" style=\"color: #d7d6d6;font-family: Dawning of a New Day;font-size: 65px;line-height: 108px\">Mehr erfahren...<\/p>[vc_empty_space][\/vc_column][\/vc_row][vc_row row_content_width=&#8220;grid&#8220;][vc_column]\n<div class=\"vp-portfolio vp-uid-0e1a2032 vp-id-11009  \"\n    data-vp-layout=\"grid\" data-vp-content-source=\"post-based\" data-vp-items-style=\"default\" data-vp-items-click-action=\"url\" data-vp-items-gap=\"15\" data-vp-items-gap-vertical=\"\" data-vp-pagination=\"load-more\" data-vp-next-page-url=\"\" data-vp-grid-columns=\"4\" data-vp-grid-images-aspect-ratio=\"16:9\" >\n    <div class=\"vp-portfolio__preloader-wrap\">\n        <div class=\"vp-portfolio__preloader\">\n            <img loading=\"eager\" src=\"https:\/\/winemakersofnorthgreece.gr\/wp-content\/plugins\/visual-portfolio\/assets\/images\/logo-dark.svg\" alt=\"Visual Portfolio, Posts &amp; Image Gallery for WordPress\" width=\"20\" height=\"20\" data-skip-lazy>\n        <\/div>\n    <\/div>\n        <div class=\"vp-portfolio__layout-elements vp-portfolio__layout-elements-top vp-portfolio__layout-elements-align-center\">\n                <div class=\"vp-portfolio__filter-wrap\">\n        \n<div class=\"vp-filter vp-filter__style-minimal\">\n            <div class=\"vp-filter__item vp-filter__item-active\">\n            <a href=\"\/de\/wp-json\/wp\/v2\/pages\/10820\" data-vp-filter=\"*\">\n                All\n                            <\/a>\n        <\/div>\n                <div class=\"vp-filter__item\">\n            <a href=\"\/de\/wp-json\/wp\/v2\/pages\/10820?vp_filter=diadromi%3Aolympos-de\" data-vp-filter=\"olympos-de\">\n                Olympos\n                            <\/a>\n        <\/div>\n                <div class=\"vp-filter__item\">\n            <a href=\"\/de\/wp-json\/wp\/v2\/pages\/10820?vp_filter=business%3Arestaurants-de\" data-vp-filter=\"restaurants-de\">\n                Restaurants\n                            <\/a>\n        <\/div>\n        <\/div>\n        <\/div>\n                <\/div>\n                <div class=\"vp-portfolio__items-wrap\">\n            \n<div class=\"vp-portfolio__items vp-portfolio__items-style-default vp-portfolio__items-show-overlay-hover\">\n\n        <article        class=\"vp-portfolio__item-wrap post-9668 page type-page status-publish has-post-thumbnail hentry diadromi-olympos-de business-restaurants-de vp-portfolio__item-uid-67d80c5a\" data-vp-filter=\"olympos-de,restaurants-de\"         >\n                        <div class=\"vp-portfolio__item-popup\" style=\"display: none\" data-vp-popup-img=\"https:\/\/winemakersofnorthgreece.gr\/wp-content\/uploads\/2021\/07\/\u03b1\u03c1\u03c7\u03b5\u03af\u03bf-\u03bb\u03ae\u03c8\u03b7\u03c2-4.jpg\" data-vp-popup-img-srcset=\"\" data-vp-popup-img-size=\"275x183\" data-vp-popup-md-img=\"https:\/\/winemakersofnorthgreece.gr\/wp-content\/uploads\/2021\/07\/\u03b1\u03c1\u03c7\u03b5\u03af\u03bf-\u03bb\u03ae\u03c8\u03b7\u03c2-4.jpg\" data-vp-popup-md-img-size=\"275x183\" data-vp-popup-sm-img=\"https:\/\/winemakersofnorthgreece.gr\/wp-content\/uploads\/2021\/07\/\u03b1\u03c1\u03c7\u03b5\u03af\u03bf-\u03bb\u03ae\u03c8\u03b7\u03c2-4.jpg\" data-vp-popup-sm-img-size=\"275x183\">\n                                    <h3 class=\"vp-portfolio__item-popup-title\">\u03b1\u03c1\u03c7\u03b5\u03af\u03bf \u03bb\u03ae\u03c8\u03b7\u03c2<\/h3>\n                                <\/div>\n                                    <figure class=\"vp-portfolio__item\">\n                \n<div class=\"vp-portfolio__item-img-wrap\">\n    <div class=\"vp-portfolio__item-img\">\n            <a\n        href=\"https:\/\/winemakersofnorthgreece.gr\/de\/gastrodromio-en-olympo\/\"\n            >\n    \n        <img width=\"275\" height=\"183\" src=\"https:\/\/winemakersofnorthgreece.gr\/wp-content\/uploads\/2021\/07\/\u03b1\u03c1\u03c7\u03b5\u03af\u03bf-\u03bb\u03ae\u03c8\u03b7\u03c2-4.jpg\" class=\"wp-image-8030\" alt=\"\u0393\u0391\u03a3\u03a4\u03a1\u039f\u0394\u03a1\u039f\u039c\u0399\u039f \u0395\u039d \u039f\u039b\u03a5\u039c\u03a0\u03a9\" loading=\"lazy\" \/>\n        <div class=\"vp-portfolio__item-img-overlay\">\n                    <\/div>\n\n        <\/a>    <\/div>\n<\/div>\n\n<figcaption class=\"vp-portfolio__item-overlay vp-portfolio__item-align-center\">\n            <div class=\"vp-portfolio__item-meta\">\n            \n<div class=\"vp-portfolio__item-meta-categories\">\n            <div class=\"vp-portfolio__item-meta-category\">\n                <a\n        href=\"\/de\/wp-json\/wp\/v2\/pages\/10820?vp_filter=diadromi%3Aolympos-de\"\n            >\n    Olympos<\/a>        <\/div>\n        <\/div>\n\n<h2 class=\"vp-portfolio__item-meta-title\">\n        <a\n        href=\"https:\/\/winemakersofnorthgreece.gr\/de\/gastrodromio-en-olympo\/\"\n            >\n    GASTRODROMIO EN OLYMPO<\/a><\/h2>\n        <\/div>\n    <\/figcaption>\n            <\/figure>\n                    <\/article>\n        \n<\/div>\n        <\/div>\n                <div class=\"vp-portfolio__layout-elements vp-portfolio__layout-elements-bottom vp-portfolio__layout-elements-align-center\">\n                <div class=\"vp-portfolio__pagination-wrap\">\n        \n<div class=\"vp-pagination vp-pagination__no-more vp-pagination__style-minimal\" data-vp-pagination-type=\"load-more\">\n    <div class=\"vp-pagination__item\">\n        <a class=\"vp-pagination__load-more\" href=\"\">\n            <span>Load More<\/span>\n            <span class=\"vp-pagination__load-more-loading\"><span class=\"vp-spinner\"><\/span><span class=\"vp-screen-reader-text\"> Loading More...<\/span><\/span>\n            <span class=\"vp-pagination__load-more-no-more\"><\/span>\n        <\/a>\n    <\/div>\n<\/div>\n        <\/div>\n                <\/div>\n        \n<\/div>\n[vc_empty_space][\/vc_column][\/vc_row]<\/p>\n","protected":false},"excerpt":{"rendered":"<p>[vc_section full_width=&#8220;stretch_row&#8220; css=&#8220;.vc_custom_1626682024266{padding-top: 50px !important;padding-bottom: 20px !important;background-image: url(https:\/\/winemakersofnorthgreece.gr\/wp-content\/uploads\/2019\/09\/title-img.jpg?id=3190) !important;}&#8220;][vc_row row_content_width=&#8220;grid&#8220;][vc_column][vc_row_inner row_content_width=&#8220;grid&#8220;][vc_column_inner width=&#8220;1\/2&#8243; css=&#8220;.vc_custom_1626680868222{padding-right: 16px !important;padding-left: 25% !important;}&#8220;][vc_column_text css=&#8220;.vc_custom_1629705326837{margin-bottom: 0px !important;border-bottom-width: 0px !important;padding-bottom: 0px !important;}&#8220;]Weinstra\u00dfe[\/vc_column_text][\/vc_column_inner][vc_column_inner width=&#8220;1\/2&#8243; css=&#8220;.vc_custom_1626680877594{padding-right: 25% !important;padding-left: 16px !important;}&#8220;][vc_single_image [&hellip;]<\/p>\n","protected":false},"author":1,"featured_media":0,"parent":0,"menu_order":0,"comment_status":"closed","ping_status":"closed","template":"page-full-width.php","meta":{"_vp_format_video_url":"","_vp_image_focal_point":[]},"diadromi":[],"business":[],"yoast_head":"<!-- This site is optimized with the Yoast SEO plugin v19.11 - https:\/\/yoast.com\/wordpress\/plugins\/seo\/ -->\n<title>Weinstra\u00dfe Der G\u00f6tter Des Olymps | WINEMAKERS OF NORTH GREECE<\/title>\n<meta name=\"description\" content=\"Das Tempi-Tal bildet die nat\u00fcrliche S\u00fcdgrenze der Weinstra\u00dfen Nordgriechenlands. Hier beginnt die erste Route der Weinstra\u00dfen Nordgriechenlands, die Weinstra\u00dfe der G\u00f6tter des Olymps.\" \/>\n<meta name=\"robots\" content=\"index, follow, max-snippet:-1, max-image-preview:large, max-video-preview:-1\" \/>\n<link rel=\"canonical\" href=\"https:\/\/winemakersofnorthgreece.gr\/de\/weinstrasse-der-goetter-des-olymps\/\" \/>\n<meta property=\"og:locale\" content=\"de_DE\" \/>\n<meta property=\"og:type\" content=\"article\" \/>\n<meta property=\"og:title\" content=\"Weinstra\u00dfe Der G\u00f6tter Des Olymps | WINEMAKERS OF NORTH GREECE\" \/>\n<meta property=\"og:description\" content=\"Das Tempi-Tal bildet die nat\u00fcrliche S\u00fcdgrenze der Weinstra\u00dfen Nordgriechenlands. Hier beginnt die erste Route der Weinstra\u00dfen Nordgriechenlands, die Weinstra\u00dfe der G\u00f6tter des Olymps.\" \/>\n<meta property=\"og:url\" content=\"https:\/\/winemakersofnorthgreece.gr\/de\/weinstrasse-der-goetter-des-olymps\/\" \/>\n<meta property=\"og:site_name\" content=\"WINEMAKERS OF NORTH GREECE\" \/>\n<meta property=\"article:publisher\" content=\"https:\/\/www.facebook.com\/Wine-Roads-of-North-Greece-110107051176714\" \/>\n<meta property=\"article:modified_time\" content=\"2021-09-17T09:17:03+00:00\" \/>\n<meta property=\"og:image\" content=\"https:\/\/winemakersofnorthgreece.gr\/wp-content\/uploads\/2021\/07\/ENOABE-SOCIAL.jpg\" \/>\n\t<meta property=\"og:image:width\" content=\"1200\" \/>\n\t<meta property=\"og:image:height\" content=\"630\" \/>\n\t<meta property=\"og:image:type\" content=\"image\/jpeg\" \/>\n<meta name=\"twitter:card\" content=\"summary_large_image\" \/>\n<meta name=\"twitter:site\" content=\"@Wines_ofNorthGR\" \/>\n<meta name=\"twitter:label1\" content=\"Gesch\u00e4tzte Lesezeit\" \/>\n\t<meta name=\"twitter:data1\" content=\"3\u00a0Minuten\" \/>\n<script type=\"application\/ld+json\" class=\"yoast-schema-graph\">{\"@context\":\"https:\/\/schema.org\",\"@graph\":[{\"@type\":\"WebPage\",\"@id\":\"https:\/\/winemakersofnorthgreece.gr\/de\/weinstrasse-der-goetter-des-olymps\/\",\"url\":\"https:\/\/winemakersofnorthgreece.gr\/de\/weinstrasse-der-goetter-des-olymps\/\",\"name\":\"Weinstra\u00dfe Der G\u00f6tter Des Olymps | WINEMAKERS OF NORTH GREECE\",\"isPartOf\":{\"@id\":\"https:\/\/winemakersofnorthgreece.gr\/de\/#website\"},\"datePublished\":\"2021-08-23T08:07:47+00:00\",\"dateModified\":\"2021-09-17T09:17:03+00:00\",\"description\":\"Das Tempi-Tal bildet die nat\u00fcrliche S\u00fcdgrenze der Weinstra\u00dfen Nordgriechenlands. Hier beginnt die erste Route der Weinstra\u00dfen Nordgriechenlands, die Weinstra\u00dfe der G\u00f6tter des Olymps.\",\"breadcrumb\":{\"@id\":\"https:\/\/winemakersofnorthgreece.gr\/de\/weinstrasse-der-goetter-des-olymps\/#breadcrumb\"},\"inLanguage\":\"de\",\"potentialAction\":[{\"@type\":\"ReadAction\",\"target\":[\"https:\/\/winemakersofnorthgreece.gr\/de\/weinstrasse-der-goetter-des-olymps\/\"]}]},{\"@type\":\"BreadcrumbList\",\"@id\":\"https:\/\/winemakersofnorthgreece.gr\/de\/weinstrasse-der-goetter-des-olymps\/#breadcrumb\",\"itemListElement\":[{\"@type\":\"ListItem\",\"position\":1,\"name\":\"Home\",\"item\":\"https:\/\/winemakersofnorthgreece.gr\/de\/\"},{\"@type\":\"ListItem\",\"position\":2,\"name\":\"Weinstra\u00dfe Der G\u00f6tter Des Olymps\"}]},{\"@type\":\"WebSite\",\"@id\":\"https:\/\/winemakersofnorthgreece.gr\/de\/#website\",\"url\":\"https:\/\/winemakersofnorthgreece.gr\/de\/\",\"name\":\"WINEMAKERS OF NORTH GREECE\",\"description\":\"Leaders Create Here\",\"publisher\":{\"@id\":\"https:\/\/winemakersofnorthgreece.gr\/de\/#organization\"},\"potentialAction\":[{\"@type\":\"SearchAction\",\"target\":{\"@type\":\"EntryPoint\",\"urlTemplate\":\"https:\/\/winemakersofnorthgreece.gr\/de\/?s={search_term_string}\"},\"query-input\":\"required name=search_term_string\"}],\"inLanguage\":\"de\"},{\"@type\":\"Organization\",\"@id\":\"https:\/\/winemakersofnorthgreece.gr\/de\/#organization\",\"name\":\"\u039f\u0399\u039d\u039f\u03a0\u039f\u0399\u039f\u0399 \u0392\u039f\u03a1\u0395\u0399\u039f\u03a5 \u0395\u039b\u039b\u0391\u0394\u039f\u03a3\",\"url\":\"https:\/\/winemakersofnorthgreece.gr\/de\/\",\"logo\":{\"@type\":\"ImageObject\",\"inLanguage\":\"de\",\"@id\":\"https:\/\/winemakersofnorthgreece.gr\/de\/#\/schema\/logo\/image\/\",\"url\":\"https:\/\/winemakersofnorthgreece.gr\/wp-content\/uploads\/2021\/07\/ENOABE-LOGO-WEB.png\",\"contentUrl\":\"https:\/\/winemakersofnorthgreece.gr\/wp-content\/uploads\/2021\/07\/ENOABE-LOGO-WEB.png\",\"width\":501,\"height\":465,\"caption\":\"\u039f\u0399\u039d\u039f\u03a0\u039f\u0399\u039f\u0399 \u0392\u039f\u03a1\u0395\u0399\u039f\u03a5 \u0395\u039b\u039b\u0391\u0394\u039f\u03a3\"},\"image\":{\"@id\":\"https:\/\/winemakersofnorthgreece.gr\/de\/#\/schema\/logo\/image\/\"},\"sameAs\":[\"https:\/\/www.instagram.com\/wineroadsofnorthgreece\/\",\"https:\/\/www.youtube.com\/channel\/UCKfgiaGFpB1tdPUkiOf2wIw\",\"https:\/\/www.facebook.com\/Wine-Roads-of-North-Greece-110107051176714\",\"https:\/\/twitter.com\/Wines_ofNorthGR\"]}]}<\/script>\n<!-- \/ Yoast SEO plugin. -->","yoast_head_json":{"title":"Weinstra\u00dfe Der G\u00f6tter Des Olymps | WINEMAKERS OF NORTH GREECE","description":"Das Tempi-Tal bildet die nat\u00fcrliche S\u00fcdgrenze der Weinstra\u00dfen Nordgriechenlands. Hier beginnt die erste Route der Weinstra\u00dfen Nordgriechenlands, die Weinstra\u00dfe der G\u00f6tter des Olymps.","robots":{"index":"index","follow":"follow","max-snippet":"max-snippet:-1","max-image-preview":"max-image-preview:large","max-video-preview":"max-video-preview:-1"},"canonical":"https:\/\/winemakersofnorthgreece.gr\/de\/weinstrasse-der-goetter-des-olymps\/","og_locale":"de_DE","og_type":"article","og_title":"Weinstra\u00dfe Der G\u00f6tter Des Olymps | WINEMAKERS OF NORTH GREECE","og_description":"Das Tempi-Tal bildet die nat\u00fcrliche S\u00fcdgrenze der Weinstra\u00dfen Nordgriechenlands. Hier beginnt die erste Route der Weinstra\u00dfen Nordgriechenlands, die Weinstra\u00dfe der G\u00f6tter des Olymps.","og_url":"https:\/\/winemakersofnorthgreece.gr\/de\/weinstrasse-der-goetter-des-olymps\/","og_site_name":"WINEMAKERS OF NORTH GREECE","article_publisher":"https:\/\/www.facebook.com\/Wine-Roads-of-North-Greece-110107051176714","article_modified_time":"2021-09-17T09:17:03+00:00","og_image":[{"width":1200,"height":630,"url":"https:\/\/winemakersofnorthgreece.gr\/wp-content\/uploads\/2021\/07\/ENOABE-SOCIAL.jpg","type":"image\/jpeg"}],"twitter_card":"summary_large_image","twitter_site":"@Wines_ofNorthGR","twitter_misc":{"Gesch\u00e4tzte Lesezeit":"3\u00a0Minuten"},"schema":{"@context":"https:\/\/schema.org","@graph":[{"@type":"WebPage","@id":"https:\/\/winemakersofnorthgreece.gr\/de\/weinstrasse-der-goetter-des-olymps\/","url":"https:\/\/winemakersofnorthgreece.gr\/de\/weinstrasse-der-goetter-des-olymps\/","name":"Weinstra\u00dfe Der G\u00f6tter Des Olymps | WINEMAKERS OF NORTH GREECE","isPartOf":{"@id":"https:\/\/winemakersofnorthgreece.gr\/de\/#website"},"datePublished":"2021-08-23T08:07:47+00:00","dateModified":"2021-09-17T09:17:03+00:00","description":"Das Tempi-Tal bildet die nat\u00fcrliche S\u00fcdgrenze der Weinstra\u00dfen Nordgriechenlands. Hier beginnt die erste Route der Weinstra\u00dfen Nordgriechenlands, die Weinstra\u00dfe der G\u00f6tter des Olymps.","breadcrumb":{"@id":"https:\/\/winemakersofnorthgreece.gr\/de\/weinstrasse-der-goetter-des-olymps\/#breadcrumb"},"inLanguage":"de","potentialAction":[{"@type":"ReadAction","target":["https:\/\/winemakersofnorthgreece.gr\/de\/weinstrasse-der-goetter-des-olymps\/"]}]},{"@type":"BreadcrumbList","@id":"https:\/\/winemakersofnorthgreece.gr\/de\/weinstrasse-der-goetter-des-olymps\/#breadcrumb","itemListElement":[{"@type":"ListItem","position":1,"name":"Home","item":"https:\/\/winemakersofnorthgreece.gr\/de\/"},{"@type":"ListItem","position":2,"name":"Weinstra\u00dfe Der G\u00f6tter Des Olymps"}]},{"@type":"WebSite","@id":"https:\/\/winemakersofnorthgreece.gr\/de\/#website","url":"https:\/\/winemakersofnorthgreece.gr\/de\/","name":"WINEMAKERS OF NORTH GREECE","description":"Leaders Create Here","publisher":{"@id":"https:\/\/winemakersofnorthgreece.gr\/de\/#organization"},"potentialAction":[{"@type":"SearchAction","target":{"@type":"EntryPoint","urlTemplate":"https:\/\/winemakersofnorthgreece.gr\/de\/?s={search_term_string}"},"query-input":"required name=search_term_string"}],"inLanguage":"de"},{"@type":"Organization","@id":"https:\/\/winemakersofnorthgreece.gr\/de\/#organization","name":"\u039f\u0399\u039d\u039f\u03a0\u039f\u0399\u039f\u0399 \u0392\u039f\u03a1\u0395\u0399\u039f\u03a5 \u0395\u039b\u039b\u0391\u0394\u039f\u03a3","url":"https:\/\/winemakersofnorthgreece.gr\/de\/","logo":{"@type":"ImageObject","inLanguage":"de","@id":"https:\/\/winemakersofnorthgreece.gr\/de\/#\/schema\/logo\/image\/","url":"https:\/\/winemakersofnorthgreece.gr\/wp-content\/uploads\/2021\/07\/ENOABE-LOGO-WEB.png","contentUrl":"https:\/\/winemakersofnorthgreece.gr\/wp-content\/uploads\/2021\/07\/ENOABE-LOGO-WEB.png","width":501,"height":465,"caption":"\u039f\u0399\u039d\u039f\u03a0\u039f\u0399\u039f\u0399 \u0392\u039f\u03a1\u0395\u0399\u039f\u03a5 \u0395\u039b\u039b\u0391\u0394\u039f\u03a3"},"image":{"@id":"https:\/\/winemakersofnorthgreece.gr\/de\/#\/schema\/logo\/image\/"},"sameAs":["https:\/\/www.instagram.com\/wineroadsofnorthgreece\/","https:\/\/www.youtube.com\/channel\/UCKfgiaGFpB1tdPUkiOf2wIw","https:\/\/www.facebook.com\/Wine-Roads-of-North-Greece-110107051176714","https:\/\/twitter.com\/Wines_ofNorthGR"]}]}},"_links":{"self":[{"href":"https:\/\/winemakersofnorthgreece.gr\/de\/wp-json\/wp\/v2\/pages\/10820"}],"collection":[{"href":"https:\/\/winemakersofnorthgreece.gr\/de\/wp-json\/wp\/v2\/pages"}],"about":[{"href":"https:\/\/winemakersofnorthgreece.gr\/de\/wp-json\/wp\/v2\/types\/page"}],"author":[{"embeddable":true,"href":"https:\/\/winemakersofnorthgreece.gr\/de\/wp-json\/wp\/v2\/users\/1"}],"replies":[{"embeddable":true,"href":"https:\/\/winemakersofnorthgreece.gr\/de\/wp-json\/wp\/v2\/comments?post=10820"}],"version-history":[{"count":8,"href":"https:\/\/winemakersofnorthgreece.gr\/de\/wp-json\/wp\/v2\/pages\/10820\/revisions"}],"predecessor-version":[{"id":11013,"href":"https:\/\/winemakersofnorthgreece.gr\/de\/wp-json\/wp\/v2\/pages\/10820\/revisions\/11013"}],"wp:attachment":[{"href":"https:\/\/winemakersofnorthgreece.gr\/de\/wp-json\/wp\/v2\/media?parent=10820"}],"wp:term":[{"taxonomy":"diadromi","embeddable":true,"href":"https:\/\/winemakersofnorthgreece.gr\/de\/wp-json\/wp\/v2\/diadromi?post=10820"},{"taxonomy":"business","embeddable":true,"href":"https:\/\/winemakersofnorthgreece.gr\/de\/wp-json\/wp\/v2\/business?post=10820"}],"curies":[{"name":"wp","href":"https:\/\/api.w.org\/{rel}","templated":true}]}}