{"id":9573,"date":"2021-08-03T14:43:28","date_gmt":"2021-08-03T11:43:28","guid":{"rendered":"https:\/\/winemakersofnorthgreece.gr\/?page_id=9573"},"modified":"2021-09-17T12:42:39","modified_gmt":"2021-09-17T09:42:39","slug":"argyro-gasthous","status":"publish","type":"page","link":"https:\/\/winemakersofnorthgreece.gr\/de\/argyro-gasthous\/","title":{"rendered":"ARGYRO GASTHOUS"},"content":{"rendered":"<p>[vc_row gap=&#8220;35&#8243;][vc_column css=&#8220;.vc_custom_1573127064948{padding-top: 13.5% !important;padding-right: 9.5% !important;padding-bottom: 115px !important;padding-left: 9.5% !important;background-image: url(https:\/\/aperitif.qodeinteractive.com\/wp-content\/uploads\/2019\/09\/v-card-bckg-box-img.jpg?id=2157) !important;}&#8220; offset=&#8220;vc_col-lg-3\/5&#8243; column_responsive_padding_680=&#8220;60px 5% 70px 9%&#8220;]<div class=\"qodef-shortcode qodef-m  qodef-section-title qodef-alignment--left \">\n\t\t<h2 class=\"qodef-m-title\" >\n\t\tArgyro\t\t<\/h2>\n\t\t<p class=\"qodef-m-subtitle\" >Traditionelle Gastfreundschaft in Nymfaio<\/p>\n\t\t<div class=\"qodef-m-text\" style=\"margin-top: -4px\">Argyro und Giannis wollten sich schon immer irgendwann einmal in ihrem geliebten Dorf dauerhaft niederlassen und das machen, was hnen Freude bereitet und sie erf\u00fcllt.\nAlso ein gro\u00dfes Haus zu besitzen, das f\u00fcr Freunde ge\u00f6ffnet ist, wo sie ihnen h\u00e4usliche Gastfreundschaft bieten k\u00f6nnen.<\/div>\n<\/div>[vc_empty_space height=&#8220;69px&#8220;]<div class=\"qodef-shortcode qodef-m  qodef-image-gallery qodef-magnific-popup qodef-popup-gallery qodef-grid qodef-layout--columns  qodef-gutter--medium qodef-col-num--3   qodef-responsive--predefined\">\n\t<div class=\"qodef-grid-inner clear\">\n\t\t<div class=\"qodef-e qodef-image-wrapper qodef-grid-item\">\n\t\t<a class=\"qodef-popup-item\" itemprop=\"image\" href=\"https:\/\/winemakersofnorthgreece.gr\/wp-content\/uploads\/2021\/07\/FB_IMG_1625147335579.jpg\" data-type=\"image\"\n\t   title=\"\u0391\u03a1\u0393\u03a5\u03a1\u03a9 \u039e\u0395\u039d\u03a9\u039d\u0391\u03a3\">\n\t\t\t\t\t<img src=\"https:\/\/winemakersofnorthgreece.gr\/wp-content\/uploads\/2021\/07\/FB_IMG_1625147335579-239x200.jpg\" alt=\"\u0391\u03a1\u0393\u03a5\u03a1\u03a9 \u039e\u0395\u039d\u03a9\u039d\u0391\u03a3\" width=\"239\" height=\"200\" data-ratio=\"1.195\" \/>\t\t\t\t\t<\/a>\n\t<\/div><div class=\"qodef-e qodef-image-wrapper qodef-grid-item\">\n\t\t<a class=\"qodef-popup-item\" itemprop=\"image\" href=\"https:\/\/winemakersofnorthgreece.gr\/wp-content\/uploads\/2021\/07\/FB_IMG_1625147298944.jpg\" data-type=\"image\"\n\t   title=\"\u0391\u03a1\u0393\u03a5\u03a1\u03a9 \u039e\u0395\u039d\u03a9\u039d\u0391\u03a3\">\n\t\t\t\t\t<img src=\"https:\/\/winemakersofnorthgreece.gr\/wp-content\/uploads\/2021\/07\/FB_IMG_1625147298944-239x200.jpg\" alt=\"\u0391\u03a1\u0393\u03a5\u03a1\u03a9 \u039e\u0395\u039d\u03a9\u039d\u0391\u03a3\" width=\"239\" height=\"200\" data-ratio=\"1.195\" \/>\t\t\t\t\t<\/a>\n\t<\/div><div class=\"qodef-e qodef-image-wrapper qodef-grid-item\">\n\t\t<a class=\"qodef-popup-item\" itemprop=\"image\" href=\"https:\/\/winemakersofnorthgreece.gr\/wp-content\/uploads\/2021\/07\/FB_IMG_1625147287717.jpg\" data-type=\"image\"\n\t   title=\"\u0391\u03a1\u0393\u03a5\u03a1\u03a9 \u039e\u0395\u039d\u03a9\u039d\u0391\u03a3\">\n\t\t\t\t\t<img src=\"https:\/\/winemakersofnorthgreece.gr\/wp-content\/uploads\/2021\/07\/FB_IMG_1625147287717-239x200.jpg\" alt=\"\u0391\u03a1\u0393\u03a5\u03a1\u03a9 \u039e\u0395\u039d\u03a9\u039d\u0391\u03a3\" width=\"239\" height=\"200\" data-ratio=\"1.195\" \/>\t\t\t\t\t<\/a>\n\t<\/div>\t<\/div>\n<\/div>[vc_empty_space height=&#8220;28px&#8220;]<div class=\"qodef-shortcode qodef-m  qodef-section-title qodef-alignment--left \">\n\t\t<h4 class=\"qodef-m-title\" >\n\t\tKontakt\t\t<\/h4>\n\t\t<p class=\"qodef-m-subtitle\" >F\u00fcr \u039cehr Informationen<\/p>\n\t<\/div><div class=\"qodef-shortcode qodef-m  qodef-icon-with-text qodef-layout--before-content qodef--icon-pack\">\n\t<div class=\"qodef-m-icon-wrapper\">\n\t\t<span class=\"qodef-shortcode qodef-m  qodef-icon-holder qodef-size--default qodef-layout--normal\"  style=\"color: #c8693a\">\t\t\t<a itemprop=\"url\" href=\"https:\/\/www.google.gr\/maps\/place\/Argyro\/@40.6469039,21.4919752,17.52z\/data=!4m18!1m9!3m8!1s0x135767e623754f9b:0xefd21309e7938b39!2sArgyro!5m2!4m1!1i2!8m2!3d40.6467164!4d21.4933901!3m7!1s0x135767e623754f9b:0xefd21309e7938b39!5m2!4m1!1i2!8m2!3d40.6467164!4d21.4933901?hl=el&#038;authuser=0\" target=\"_blank\">        <span class=\"qodef-icon-linea-icons icon-basic-geolocalize-05 qodef-icon qodef-e\" style=\"font-size:21px\" ><\/span>            <\/a>\t<\/span>\t<\/div>\n\t<div class=\"qodef-m-content\">\n\t\t\t\t\t\t\t<a itemprop=\"url\" href=\"https:\/\/www.google.gr\/maps\/place\/Argyro\/@40.6469039,21.4919752,17.52z\/data=!4m18!1m9!3m8!1s0x135767e623754f9b:0xefd21309e7938b39!2sArgyro!5m2!4m1!1i2!8m2!3d40.6467164!4d21.4933901!3m7!1s0x135767e623754f9b:0xefd21309e7938b39!5m2!4m1!1i2!8m2!3d40.6467164!4d21.4933901?hl=el&#038;authuser=0\" target=\"_blank\">\n\t\t<p class=\"qodef-m-text\" style=\"margin-top: -2px;color: #817c7b\">Nymfaio, Florina, 53078<\/p>\n\t\t\t<\/a>\n\t\t<\/div>\n<\/div>[vc_empty_space height=&#8220;10px&#8220;]<div class=\"qodef-shortcode qodef-m  qodef-icon-with-text qodef-layout--before-content qodef--icon-pack\">\n\t<div class=\"qodef-m-icon-wrapper\">\n\t\t<span class=\"qodef-shortcode qodef-m  qodef-icon-holder qodef-size--default qodef-layout--normal\"  style=\"color: #c8693a\">\t\t\t<a itemprop=\"url\" href=\"mailto:argyro@argyro.gr\" target=\"_blank\">        <span class=\"qodef-icon-linea-icons icon-basic-mail qodef-icon qodef-e\" style=\"font-size:21px\" ><\/span>            <\/a>\t<\/span>\t<\/div>\n\t<div class=\"qodef-m-content\">\n\t\t\t\t\t\t\t<a itemprop=\"url\" href=\"mailto:argyro@argyro.gr\" target=\"_blank\">\n\t\t<p class=\"qodef-m-text\" style=\"margin-top: -2px;color: #817c7b\">argyro@argyro.gr<\/p>\n\t\t\t<\/a>\n\t\t<\/div>\n<\/div>[vc_empty_space height=&#8220;10px&#8220;]<div class=\"qodef-shortcode qodef-m  qodef-icon-with-text qodef-layout--before-content qodef--icon-pack\">\n\t<div class=\"qodef-m-icon-wrapper\">\n\t\t<span class=\"qodef-shortcode qodef-m  qodef-icon-holder qodef-size--default qodef-layout--normal\"  style=\"color: #c8693a\">\t\t\t<a itemprop=\"url\" href=\"https:\/\/www.argyro.gr\/\" target=\"_blank\">        <span class=\"qodef-icon-linea-icons icon-basic-world qodef-icon qodef-e\" style=\"font-size:21px\" ><\/span>            <\/a>\t<\/span>\t<\/div>\n\t<div class=\"qodef-m-content\">\n\t\t\t\t\t\t\t<a itemprop=\"url\" href=\"https:\/\/www.argyro.gr\/\" target=\"_blank\">\n\t\t<p class=\"qodef-m-text\" style=\"margin-top: -2px;color: #817c7b\">www.argyro.gr<\/p>\n\t\t\t<\/a>\n\t\t<\/div>\n<\/div>[vc_empty_space height=&#8220;10px&#8220;]<div class=\"qodef-shortcode qodef-m  qodef-icon-with-text qodef-layout--before-content qodef--icon-pack\">\n\t<div class=\"qodef-m-icon-wrapper\">\n\t\t<span class=\"qodef-shortcode qodef-m  qodef-icon-holder qodef-size--default qodef-layout--normal\"  style=\"color: #c8693a\">\t\t\t<a itemprop=\"url\" href=\"tel:+302386031331\" target=\"_blank\">        <span class=\"qodef-icon-linea-icons icon-basic-smartphone qodef-icon qodef-e\" style=\"font-size:21px\" ><\/span>            <\/a>\t<\/span>\t<\/div>\n\t<div class=\"qodef-m-content\">\n\t\t\t\t\t\t\t<a itemprop=\"url\" href=\"tel:+302386031331\" target=\"_blank\">\n\t\t<p class=\"qodef-m-text\" style=\"margin-top: -2px;color: #817c7b\">+30 2386 031331<\/p>\n\t\t\t<\/a>\n\t\t<\/div>\n<\/div>[vc_empty_space height=&#8220;45px&#8220;]<span class=\"qodef-shortcode qodef-m  qodef-icon-holder qodef-size--default qodef-layout--square\" data-hover-color=\"#ffffff\" data-hover-background-color=\"#c8693a\" data-hover-border-color=\"#c8693a\" style=\"margin: 0 10px 0 0;width: 33px;height: 33px;line-height: 33px;background-color: rgba(255,255,255,0.01);border-style: solid;border-color: #cbcbcb;border-width: 1px;color: #c8693a\">\n\t\t\t<a itemprop=\"url\" href=\"https:\/\/www.facebook.com\/%CE%A0%CE%B1%CF%81%CE%B1%CE%B4%CE%BF%CF%83%CE%B9%CE%B1%CE%BA%CF%8C%CF%82-%CE%9E%CE%B5%CE%BD%CF%8E%CE%BD%CE%B1%CF%82-%CE%91%CF%81%CE%B3%CF%85%CF%81%CF%8E-358811800800803\" target=\"_blank\">\n        <span class=\"qodef-icon-elegant-icons social_facebook qodef-icon qodef-e\" style=\"font-size:14px\" ><\/span>            <\/a>\n\t<\/span>[\/vc_column][vc_column offset=&#8220;vc_col-lg-2\/5&#8243;][\/vc_column][\/vc_row]<\/p>\n","protected":false},"excerpt":{"rendered":"<p>[vc_row gap=&#8220;35&#8243;][vc_column css=&#8220;.vc_custom_1573127064948{padding-top: 13.5% !important;padding-right: 9.5% !important;padding-bottom: 115px !important;padding-left: 9.5% !important;background-image: url(https:\/\/aperitif.qodeinteractive.com\/wp-content\/uploads\/2019\/09\/v-card-bckg-box-img.jpg?id=2157) !important;}&#8220; offset=&#8220;vc_col-lg-3\/5&#8243; column_responsive_padding_680=&#8220;60px 5% 70px 9%&#8220;][vc_empty_space height=&#8220;69px&#8220;][vc_empty_space height=&#8220;28px&#8220;][vc_empty_space height=&#8220;10px&#8220;][vc_empty_space height=&#8220;10px&#8220;][vc_empty_space height=&#8220;10px&#8220;][vc_empty_space height=&#8220;45px&#8220;][\/vc_column][vc_column offset=&#8220;vc_col-lg-2\/5&#8243;][\/vc_column][\/vc_row]<\/p>\n","protected":false},"author":1,"featured_media":8007,"parent":0,"menu_order":0,"comment_status":"closed","ping_status":"closed","template":"","meta":{"_vp_format_video_url":"","_vp_image_focal_point":[]},"diadromi":[205],"business":[181],"yoast_head":"<!-- This site is optimized with the Yoast SEO plugin v19.11 - https:\/\/yoast.com\/wordpress\/plugins\/seo\/ -->\n<title>ARGYRO GASTHOUS | WINEMAKERS OF NORTH GREECE<\/title>\n<meta name=\"robots\" content=\"index, follow, max-snippet:-1, max-image-preview:large, max-video-preview:-1\" \/>\n<link rel=\"canonical\" href=\"https:\/\/winemakersofnorthgreece.gr\/de\/argyro-gasthous\/\" \/>\n<meta property=\"og:locale\" content=\"de_DE\" \/>\n<meta property=\"og:type\" content=\"article\" \/>\n<meta property=\"og:title\" content=\"ARGYRO GASTHOUS | WINEMAKERS OF NORTH GREECE\" \/>\n<meta property=\"og:description\" content=\"[vc_row gap=&#8220;35&#8243;][vc_column css=&#8220;.vc_custom_1573127064948{padding-top: 13.5% !important;padding-right: 9.5% !important;padding-bottom: 115px !important;padding-left: 9.5% !important;background-image: url(https:\/\/aperitif.qodeinteractive.com\/wp-content\/uploads\/2019\/09\/v-card-bckg-box-img.jpg?id=2157) !important;}&#8220; offset=&#8220;vc_col-lg-3\/5&#8243; column_responsive_padding_680=&#8220;60px 5% 70px 9%&#8220;][vc_empty_space height=&#8220;69px&#8220;][vc_empty_space height=&#8220;28px&#8220;][vc_empty_space height=&#8220;10px&#8220;][vc_empty_space height=&#8220;10px&#8220;][vc_empty_space height=&#8220;10px&#8220;][vc_empty_space height=&#8220;45px&#8220;][\/vc_column][vc_column offset=&#8220;vc_col-lg-2\/5&#8243;][\/vc_column][\/vc_row]\" \/>\n<meta property=\"og:url\" content=\"https:\/\/winemakersofnorthgreece.gr\/de\/argyro-gasthous\/\" \/>\n<meta property=\"og:site_name\" content=\"WINEMAKERS OF NORTH GREECE\" \/>\n<meta property=\"article:publisher\" content=\"https:\/\/www.facebook.com\/Wine-Roads-of-North-Greece-110107051176714\" \/>\n<meta property=\"article:modified_time\" content=\"2021-09-17T09:42:39+00:00\" \/>\n<meta property=\"og:image\" content=\"https:\/\/winemakersofnorthgreece.gr\/wp-content\/uploads\/2021\/07\/FB_IMG_1625147335579.jpg\" \/>\n\t<meta property=\"og:image:width\" content=\"1080\" \/>\n\t<meta property=\"og:image:height\" content=\"810\" \/>\n\t<meta property=\"og:image:type\" content=\"image\/jpeg\" \/>\n<meta name=\"twitter:card\" content=\"summary_large_image\" \/>\n<meta name=\"twitter:site\" content=\"@Wines_ofNorthGR\" \/>\n<meta name=\"twitter:label1\" content=\"Gesch\u00e4tzte Lesezeit\" \/>\n\t<meta name=\"twitter:data1\" content=\"1\u00a0Minute\" \/>\n<script type=\"application\/ld+json\" class=\"yoast-schema-graph\">{\"@context\":\"https:\/\/schema.org\",\"@graph\":[{\"@type\":\"WebPage\",\"@id\":\"https:\/\/winemakersofnorthgreece.gr\/de\/argyro-gasthous\/\",\"url\":\"https:\/\/winemakersofnorthgreece.gr\/de\/argyro-gasthous\/\",\"name\":\"ARGYRO GASTHOUS | WINEMAKERS OF NORTH GREECE\",\"isPartOf\":{\"@id\":\"https:\/\/winemakersofnorthgreece.gr\/de\/#website\"},\"datePublished\":\"2021-08-03T11:43:28+00:00\",\"dateModified\":\"2021-09-17T09:42:39+00:00\",\"breadcrumb\":{\"@id\":\"https:\/\/winemakersofnorthgreece.gr\/de\/argyro-gasthous\/#breadcrumb\"},\"inLanguage\":\"de\",\"potentialAction\":[{\"@type\":\"ReadAction\",\"target\":[\"https:\/\/winemakersofnorthgreece.gr\/de\/argyro-gasthous\/\"]}]},{\"@type\":\"BreadcrumbList\",\"@id\":\"https:\/\/winemakersofnorthgreece.gr\/de\/argyro-gasthous\/#breadcrumb\",\"itemListElement\":[{\"@type\":\"ListItem\",\"position\":1,\"name\":\"Home\",\"item\":\"https:\/\/winemakersofnorthgreece.gr\/de\/\"},{\"@type\":\"ListItem\",\"position\":2,\"name\":\"ARGYRO GASTHOUS\"}]},{\"@type\":\"WebSite\",\"@id\":\"https:\/\/winemakersofnorthgreece.gr\/de\/#website\",\"url\":\"https:\/\/winemakersofnorthgreece.gr\/de\/\",\"name\":\"WINEMAKERS OF NORTH GREECE\",\"description\":\"Leaders Create Here\",\"publisher\":{\"@id\":\"https:\/\/winemakersofnorthgreece.gr\/de\/#organization\"},\"potentialAction\":[{\"@type\":\"SearchAction\",\"target\":{\"@type\":\"EntryPoint\",\"urlTemplate\":\"https:\/\/winemakersofnorthgreece.gr\/de\/?s={search_term_string}\"},\"query-input\":\"required name=search_term_string\"}],\"inLanguage\":\"de\"},{\"@type\":\"Organization\",\"@id\":\"https:\/\/winemakersofnorthgreece.gr\/de\/#organization\",\"name\":\"\u039f\u0399\u039d\u039f\u03a0\u039f\u0399\u039f\u0399 \u0392\u039f\u03a1\u0395\u0399\u039f\u03a5 \u0395\u039b\u039b\u0391\u0394\u039f\u03a3\",\"url\":\"https:\/\/winemakersofnorthgreece.gr\/de\/\",\"logo\":{\"@type\":\"ImageObject\",\"inLanguage\":\"de\",\"@id\":\"https:\/\/winemakersofnorthgreece.gr\/de\/#\/schema\/logo\/image\/\",\"url\":\"https:\/\/winemakersofnorthgreece.gr\/wp-content\/uploads\/2021\/07\/ENOABE-LOGO-WEB.png\",\"contentUrl\":\"https:\/\/winemakersofnorthgreece.gr\/wp-content\/uploads\/2021\/07\/ENOABE-LOGO-WEB.png\",\"width\":501,\"height\":465,\"caption\":\"\u039f\u0399\u039d\u039f\u03a0\u039f\u0399\u039f\u0399 \u0392\u039f\u03a1\u0395\u0399\u039f\u03a5 \u0395\u039b\u039b\u0391\u0394\u039f\u03a3\"},\"image\":{\"@id\":\"https:\/\/winemakersofnorthgreece.gr\/de\/#\/schema\/logo\/image\/\"},\"sameAs\":[\"https:\/\/www.instagram.com\/wineroadsofnorthgreece\/\",\"https:\/\/www.youtube.com\/channel\/UCKfgiaGFpB1tdPUkiOf2wIw\",\"https:\/\/www.facebook.com\/Wine-Roads-of-North-Greece-110107051176714\",\"https:\/\/twitter.com\/Wines_ofNorthGR\"]}]}<\/script>\n<!-- \/ Yoast SEO plugin. -->","yoast_head_json":{"title":"ARGYRO GASTHOUS | WINEMAKERS OF NORTH GREECE","robots":{"index":"index","follow":"follow","max-snippet":"max-snippet:-1","max-image-preview":"max-image-preview:large","max-video-preview":"max-video-preview:-1"},"canonical":"https:\/\/winemakersofnorthgreece.gr\/de\/argyro-gasthous\/","og_locale":"de_DE","og_type":"article","og_title":"ARGYRO GASTHOUS | WINEMAKERS OF NORTH GREECE","og_description":"[vc_row gap=&#8220;35&#8243;][vc_column css=&#8220;.vc_custom_1573127064948{padding-top: 13.5% !important;padding-right: 9.5% !important;padding-bottom: 115px !important;padding-left: 9.5% !important;background-image: url(https:\/\/aperitif.qodeinteractive.com\/wp-content\/uploads\/2019\/09\/v-card-bckg-box-img.jpg?id=2157) !important;}&#8220; offset=&#8220;vc_col-lg-3\/5&#8243; column_responsive_padding_680=&#8220;60px 5% 70px 9%&#8220;][vc_empty_space height=&#8220;69px&#8220;][vc_empty_space height=&#8220;28px&#8220;][vc_empty_space height=&#8220;10px&#8220;][vc_empty_space height=&#8220;10px&#8220;][vc_empty_space height=&#8220;10px&#8220;][vc_empty_space height=&#8220;45px&#8220;][\/vc_column][vc_column offset=&#8220;vc_col-lg-2\/5&#8243;][\/vc_column][\/vc_row]","og_url":"https:\/\/winemakersofnorthgreece.gr\/de\/argyro-gasthous\/","og_site_name":"WINEMAKERS OF NORTH GREECE","article_publisher":"https:\/\/www.facebook.com\/Wine-Roads-of-North-Greece-110107051176714","article_modified_time":"2021-09-17T09:42:39+00:00","og_image":[{"width":1080,"height":810,"url":"https:\/\/winemakersofnorthgreece.gr\/wp-content\/uploads\/2021\/07\/FB_IMG_1625147335579.jpg","type":"image\/jpeg"}],"twitter_card":"summary_large_image","twitter_site":"@Wines_ofNorthGR","twitter_misc":{"Gesch\u00e4tzte Lesezeit":"1\u00a0Minute"},"schema":{"@context":"https:\/\/schema.org","@graph":[{"@type":"WebPage","@id":"https:\/\/winemakersofnorthgreece.gr\/de\/argyro-gasthous\/","url":"https:\/\/winemakersofnorthgreece.gr\/de\/argyro-gasthous\/","name":"ARGYRO GASTHOUS | WINEMAKERS OF NORTH GREECE","isPartOf":{"@id":"https:\/\/winemakersofnorthgreece.gr\/de\/#website"},"datePublished":"2021-08-03T11:43:28+00:00","dateModified":"2021-09-17T09:42:39+00:00","breadcrumb":{"@id":"https:\/\/winemakersofnorthgreece.gr\/de\/argyro-gasthous\/#breadcrumb"},"inLanguage":"de","potentialAction":[{"@type":"ReadAction","target":["https:\/\/winemakersofnorthgreece.gr\/de\/argyro-gasthous\/"]}]},{"@type":"BreadcrumbList","@id":"https:\/\/winemakersofnorthgreece.gr\/de\/argyro-gasthous\/#breadcrumb","itemListElement":[{"@type":"ListItem","position":1,"name":"Home","item":"https:\/\/winemakersofnorthgreece.gr\/de\/"},{"@type":"ListItem","position":2,"name":"ARGYRO GASTHOUS"}]},{"@type":"WebSite","@id":"https:\/\/winemakersofnorthgreece.gr\/de\/#website","url":"https:\/\/winemakersofnorthgreece.gr\/de\/","name":"WINEMAKERS OF NORTH GREECE","description":"Leaders Create Here","publisher":{"@id":"https:\/\/winemakersofnorthgreece.gr\/de\/#organization"},"potentialAction":[{"@type":"SearchAction","target":{"@type":"EntryPoint","urlTemplate":"https:\/\/winemakersofnorthgreece.gr\/de\/?s={search_term_string}"},"query-input":"required name=search_term_string"}],"inLanguage":"de"},{"@type":"Organization","@id":"https:\/\/winemakersofnorthgreece.gr\/de\/#organization","name":"\u039f\u0399\u039d\u039f\u03a0\u039f\u0399\u039f\u0399 \u0392\u039f\u03a1\u0395\u0399\u039f\u03a5 \u0395\u039b\u039b\u0391\u0394\u039f\u03a3","url":"https:\/\/winemakersofnorthgreece.gr\/de\/","logo":{"@type":"ImageObject","inLanguage":"de","@id":"https:\/\/winemakersofnorthgreece.gr\/de\/#\/schema\/logo\/image\/","url":"https:\/\/winemakersofnorthgreece.gr\/wp-content\/uploads\/2021\/07\/ENOABE-LOGO-WEB.png","contentUrl":"https:\/\/winemakersofnorthgreece.gr\/wp-content\/uploads\/2021\/07\/ENOABE-LOGO-WEB.png","width":501,"height":465,"caption":"\u039f\u0399\u039d\u039f\u03a0\u039f\u0399\u039f\u0399 \u0392\u039f\u03a1\u0395\u0399\u039f\u03a5 \u0395\u039b\u039b\u0391\u0394\u039f\u03a3"},"image":{"@id":"https:\/\/winemakersofnorthgreece.gr\/de\/#\/schema\/logo\/image\/"},"sameAs":["https:\/\/www.instagram.com\/wineroadsofnorthgreece\/","https:\/\/www.youtube.com\/channel\/UCKfgiaGFpB1tdPUkiOf2wIw","https:\/\/www.facebook.com\/Wine-Roads-of-North-Greece-110107051176714","https:\/\/twitter.com\/Wines_ofNorthGR"]}]}},"_links":{"self":[{"href":"https:\/\/winemakersofnorthgreece.gr\/de\/wp-json\/wp\/v2\/pages\/9573"}],"collection":[{"href":"https:\/\/winemakersofnorthgreece.gr\/de\/wp-json\/wp\/v2\/pages"}],"about":[{"href":"https:\/\/winemakersofnorthgreece.gr\/de\/wp-json\/wp\/v2\/types\/page"}],"author":[{"embeddable":true,"href":"https:\/\/winemakersofnorthgreece.gr\/de\/wp-json\/wp\/v2\/users\/1"}],"replies":[{"embeddable":true,"href":"https:\/\/winemakersofnorthgreece.gr\/de\/wp-json\/wp\/v2\/comments?post=9573"}],"version-history":[{"count":6,"href":"https:\/\/winemakersofnorthgreece.gr\/de\/wp-json\/wp\/v2\/pages\/9573\/revisions"}],"predecessor-version":[{"id":9578,"href":"https:\/\/winemakersofnorthgreece.gr\/de\/wp-json\/wp\/v2\/pages\/9573\/revisions\/9578"}],"wp:featuredmedia":[{"embeddable":true,"href":"https:\/\/winemakersofnorthgreece.gr\/de\/wp-json\/wp\/v2\/media\/8007"}],"wp:attachment":[{"href":"https:\/\/winemakersofnorthgreece.gr\/de\/wp-json\/wp\/v2\/media?parent=9573"}],"wp:term":[{"taxonomy":"diadromi","embeddable":true,"href":"https:\/\/winemakersofnorthgreece.gr\/de\/wp-json\/wp\/v2\/diadromi?post=9573"},{"taxonomy":"business","embeddable":true,"href":"https:\/\/winemakersofnorthgreece.gr\/de\/wp-json\/wp\/v2\/business?post=9573"}],"curies":[{"name":"wp","href":"https:\/\/api.w.org\/{rel}","templated":true}]}}