{"id":9668,"date":"2021-08-04T09:37:56","date_gmt":"2021-08-04T06:37:56","guid":{"rendered":"https:\/\/winemakersofnorthgreece.gr\/?page_id=9668"},"modified":"2021-09-17T12:17:29","modified_gmt":"2021-09-17T09:17:29","slug":"gastrodromio-en-olympo","status":"publish","type":"page","link":"https:\/\/winemakersofnorthgreece.gr\/de\/gastrodromio-en-olympo\/","title":{"rendered":"GASTRODROMIO EN OLYMPO"},"content":{"rendered":"<p>[vc_row gap=&#8220;35&#8243;][vc_column css=&#8220;.vc_custom_1573127064948{padding-top: 13.5% !important;padding-right: 9.5% !important;padding-bottom: 115px !important;padding-left: 9.5% !important;background-image: url(https:\/\/aperitif.qodeinteractive.com\/wp-content\/uploads\/2019\/09\/v-card-bckg-box-img.jpg?id=2157) !important;}&#8220; offset=&#8220;vc_col-lg-3\/5&#8243; column_responsive_padding_680=&#8220;60px 5% 70px 9%&#8220;]<div class=\"qodef-shortcode qodef-m  qodef-section-title qodef-alignment--left \">\n\t\t<h2 class=\"qodef-m-title\" >\n\t\tGastrodromio En Olympo\t\t<\/h2>\n\t\t<p class=\"qodef-m-subtitle\" >Griechisches Restaurant Mit Kreativer K\u00fcche<\/p>\n\t\t<div class=\"qodef-m-text\" style=\"margin-top: -4px\">Moderne griechische K\u00fcche mit kreativen Gerichten, aber auch traditionellen - wie Fladen, Grie\u00dfsuppe, gekochter Ziege - einer gro\u00dfen Auswahl an traditionellen K\u00e4sesorten (22 Sorten) und Wurstwaren. Reiche Weinliste, mehr als 450 Etiketten, von denen mindestens 350 griechisch sind, sowie auch ausgew\u00e4hlte ausl\u00e4ndische. Besondere Gerichte: Lamm mit Oliven, Rosmarin und Buchweizen, H\u00fchnchen mit K\u00e4se und Spargel, Wildschwein mit Pflaumen, Risotto mit Steinpilzen und Brennnessel. Von der Veranda und den Fenstern aus sehen Sie die Enipeas-Schlucht und die Gipfel des Olymps. Im Winter brennt der Kamin den ganzen Tag \u00fcber.<\/div>\n<\/div>[vc_empty_space height=&#8220;69px&#8220;]<div class=\"qodef-shortcode qodef-m  qodef-image-gallery qodef-magnific-popup qodef-popup-gallery qodef-grid qodef-layout--columns  qodef-gutter--medium qodef-col-num--3   qodef-responsive--predefined\">\n\t<div class=\"qodef-grid-inner clear\">\n\t\t<div class=\"qodef-e qodef-image-wrapper qodef-grid-item\">\n\t\t<a class=\"qodef-popup-item\" itemprop=\"image\" href=\"https:\/\/winemakersofnorthgreece.gr\/wp-content\/uploads\/2021\/07\/\u03b1\u03c1\u03c7\u03b5\u03af\u03bf-\u03bb\u03ae\u03c8\u03b7\u03c2-4.jpg\" data-type=\"image\"\n\t   title=\"\u0393\u0391\u03a3\u03a4\u03a1\u039f\u0394\u03a1\u039f\u039c\u0399\u039f \u0395\u039d \u039f\u039b\u03a5\u039c\u03a0\u03a9\">\n\t\t\t\t\t<img width=\"275\" height=\"183\" src=\"https:\/\/winemakersofnorthgreece.gr\/wp-content\/uploads\/2021\/07\/\u03b1\u03c1\u03c7\u03b5\u03af\u03bf-\u03bb\u03ae\u03c8\u03b7\u03c2-4.jpg\" class=\"attachment-full size-full\" alt=\"\u0393\u0391\u03a3\u03a4\u03a1\u039f\u0394\u03a1\u039f\u039c\u0399\u039f \u0395\u039d \u039f\u039b\u03a5\u039c\u03a0\u03a9\" loading=\"lazy\" \/>\t\t\t\t\t<\/a>\n\t<\/div><div class=\"qodef-e qodef-image-wrapper qodef-grid-item\">\n\t\t<a class=\"qodef-popup-item\" itemprop=\"image\" href=\"https:\/\/winemakersofnorthgreece.gr\/wp-content\/uploads\/2021\/07\/\u03b1\u03c1\u03c7\u03b5\u03af\u03bf-\u03bb\u03ae\u03c8\u03b7\u03c2-1-2.jpg\" data-type=\"image\"\n\t   title=\"\u0393\u0391\u03a3\u03a4\u03a1\u039f\u0394\u03a1\u039f\u039c\u0399\u039f \u0395\u039d \u039f\u039b\u03a5\u039c\u03a0\u03a9\">\n\t\t\t\t\t<img width=\"347\" height=\"145\" src=\"https:\/\/winemakersofnorthgreece.gr\/wp-content\/uploads\/2021\/07\/\u03b1\u03c1\u03c7\u03b5\u03af\u03bf-\u03bb\u03ae\u03c8\u03b7\u03c2-1-2.jpg\" class=\"attachment-full size-full\" alt=\"\u0393\u0391\u03a3\u03a4\u03a1\u039f\u0394\u03a1\u039f\u039c\u0399\u039f \u0395\u039d \u039f\u039b\u03a5\u039c\u03a0\u03a9\" loading=\"lazy\" srcset=\"https:\/\/winemakersofnorthgreece.gr\/wp-content\/uploads\/2021\/07\/\u03b1\u03c1\u03c7\u03b5\u03af\u03bf-\u03bb\u03ae\u03c8\u03b7\u03c2-1-2.jpg 347w, https:\/\/winemakersofnorthgreece.gr\/wp-content\/uploads\/2021\/07\/\u03b1\u03c1\u03c7\u03b5\u03af\u03bf-\u03bb\u03ae\u03c8\u03b7\u03c2-1-2-300x125.jpg 300w\" sizes=\"(max-width: 347px) 100vw, 347px\" \/>\t\t\t\t\t<\/a>\n\t<\/div>\t<\/div>\n<\/div>[vc_empty_space height=&#8220;28px&#8220;]<div class=\"qodef-shortcode qodef-m  qodef-section-title qodef-alignment--left \">\n\t\t<h4 class=\"qodef-m-title\" >\n\t\tKontakt\t\t<\/h4>\n\t\t<p class=\"qodef-m-subtitle\" >F\u00fcr \u039cehr Informationen<\/p>\n\t<\/div><div class=\"qodef-shortcode qodef-m  qodef-icon-with-text qodef-layout--before-content qodef--icon-pack\">\n\t<div class=\"qodef-m-icon-wrapper\">\n\t\t<span class=\"qodef-shortcode qodef-m  qodef-icon-holder qodef-size--default qodef-layout--normal\"  style=\"color: #c8693a\">\t\t\t<a itemprop=\"url\" href=\"https:\/\/www.google.gr\/maps\/place\/%CE%93%CE%B1%CF%83%CF%84%CF%81%CE%BF%CE%B4%CF%81%CF%8C%CE%BC%CE%B9%CE%BF+%CE%B5%CE%BD+%CE%9F%CE%BB%CF%8D%CE%BC%CF%80%CF%89\/@40.1053539,22.5019955,17z\/data=!3m1!4b1!4m5!3m4!1s0x13580faaac1d648f:0x9586b7cf5fc1f804!8m2!3d40.1053539!4d22.5041842?hl=el&#038;authuser=0\" target=\"_blank\">        <span class=\"qodef-icon-linea-icons icon-basic-geolocalize-05 qodef-icon qodef-e\" style=\"font-size:21px\" ><\/span>            <\/a>\t<\/span>\t<\/div>\n\t<div class=\"qodef-m-content\">\n\t\t\t\t\t\t\t<a itemprop=\"url\" href=\"https:\/\/www.google.gr\/maps\/place\/%CE%93%CE%B1%CF%83%CF%84%CF%81%CE%BF%CE%B4%CF%81%CF%8C%CE%BC%CE%B9%CE%BF+%CE%B5%CE%BD+%CE%9F%CE%BB%CF%8D%CE%BC%CF%80%CF%89\/@40.1053539,22.5019955,17z\/data=!3m1!4b1!4m5!3m4!1s0x13580faaac1d648f:0x9586b7cf5fc1f804!8m2!3d40.1053539!4d22.5041842?hl=el&#038;authuser=0\" target=\"_blank\">\n\t\t<p class=\"qodef-m-text\" style=\"margin-top: -2px;color: #817c7b\">Litochoro, Pieria<\/p>\n\t\t\t<\/a>\n\t\t<\/div>\n<\/div>[vc_empty_space height=&#8220;10px&#8220;]<div class=\"qodef-shortcode qodef-m  qodef-icon-with-text qodef-layout--before-content qodef--icon-pack\">\n\t<div class=\"qodef-m-icon-wrapper\">\n\t\t<span class=\"qodef-shortcode qodef-m  qodef-icon-holder qodef-size--default qodef-layout--normal\"  style=\"color: #c8693a\">\t\t\t<a itemprop=\"url\" href=\"mailto:info@gastrodromio.gr\" target=\"_blank\">        <span class=\"qodef-icon-linea-icons icon-basic-mail qodef-icon qodef-e\" style=\"font-size:21px\" ><\/span>            <\/a>\t<\/span>\t<\/div>\n\t<div class=\"qodef-m-content\">\n\t\t\t\t\t\t\t<a itemprop=\"url\" href=\"mailto:info@gastrodromio.gr\" target=\"_blank\">\n\t\t<p class=\"qodef-m-text\" style=\"margin-top: -2px;color: #817c7b\">info@gastrodromio.gr<\/p>\n\t\t\t<\/a>\n\t\t<\/div>\n<\/div>[vc_empty_space height=&#8220;10px&#8220;]<div class=\"qodef-shortcode qodef-m  qodef-icon-with-text qodef-layout--before-content qodef--icon-pack\">\n\t<div class=\"qodef-m-icon-wrapper\">\n\t\t<span class=\"qodef-shortcode qodef-m  qodef-icon-holder qodef-size--default qodef-layout--normal\"  style=\"color: #c8693a\">\t\t\t<a itemprop=\"url\" href=\"https:\/\/www.gastrodromio.gr\/\" target=\"_blank\">        <span class=\"qodef-icon-linea-icons icon-basic-world qodef-icon qodef-e\" style=\"font-size:21px\" ><\/span>            <\/a>\t<\/span>\t<\/div>\n\t<div class=\"qodef-m-content\">\n\t\t\t\t\t\t\t<a itemprop=\"url\" href=\"https:\/\/www.gastrodromio.gr\/\" target=\"_blank\">\n\t\t<p class=\"qodef-m-text\" style=\"margin-top: -2px;color: #817c7b\">www.gastrodromio.gr<\/p>\n\t\t\t<\/a>\n\t\t<\/div>\n<\/div>[vc_empty_space height=&#8220;10px&#8220;]<div class=\"qodef-shortcode qodef-m  qodef-icon-with-text qodef-layout--before-content qodef--icon-pack\">\n\t<div class=\"qodef-m-icon-wrapper\">\n\t\t<span class=\"qodef-shortcode qodef-m  qodef-icon-holder qodef-size--default qodef-layout--normal\"  style=\"color: #c8693a\">\t\t\t<a itemprop=\"url\" href=\"tel:+302352021300\" target=\"_blank\">        <span class=\"qodef-icon-linea-icons icon-basic-smartphone qodef-icon qodef-e\" style=\"font-size:21px\" ><\/span>            <\/a>\t<\/span>\t<\/div>\n\t<div class=\"qodef-m-content\">\n\t\t\t\t\t\t\t<a itemprop=\"url\" href=\"tel:+302352021300\" target=\"_blank\">\n\t\t<p class=\"qodef-m-text\" style=\"margin-top: -2px;color: #817c7b\">+30 23520 21300<\/p>\n\t\t\t<\/a>\n\t\t<\/div>\n<\/div>[vc_empty_space height=&#8220;45px&#8220;]<span class=\"qodef-shortcode qodef-m  qodef-icon-holder qodef-size--default qodef-layout--square\" data-hover-color=\"#ffffff\" data-hover-background-color=\"#c8693a\" data-hover-border-color=\"#c8693a\" style=\"margin: 0 10px 0 0;width: 33px;height: 33px;line-height: 33px;background-color: rgba(255,255,255,0.01);border-style: solid;border-color: #cbcbcb;border-width: 1px;color: #c8693a\">\n\t\t\t<a itemprop=\"url\" href=\"https:\/\/www.facebook.com\/groups\/317251438081\/?ref=ts&#038;fref=ts\" target=\"_blank\">\n        <span class=\"qodef-icon-elegant-icons social_facebook qodef-icon qodef-e\" style=\"font-size:14px\" ><\/span>            <\/a>\n\t<\/span><span class=\"qodef-shortcode qodef-m  qodef-icon-holder qodef-size--default qodef-layout--square\" data-hover-color=\"#ffffff\" data-hover-background-color=\"#c8693a\" data-hover-border-color=\"#c8693a\" style=\"margin: 0 10px 0 0;width: 33px;height: 33px;line-height: 33px;background-color: rgba(255,255,255,0.01);border-style: solid;border-color: #cbcbcb;border-width: 1px;color: #c8693a\">\n\t\t\t<a itemprop=\"url\" href=\"https:\/\/www.instagram.com\/gastrodromio.olympus\/\" target=\"_blank\">\n        <span class=\"qodef-icon-elegant-icons social_instagram qodef-icon qodef-e\" style=\"font-size:14px\" ><\/span>            <\/a>\n\t<\/span>[\/vc_column][vc_column offset=&#8220;vc_col-lg-2\/5&#8243;][\/vc_column][\/vc_row]<\/p>\n","protected":false},"excerpt":{"rendered":"<p>[vc_row gap=&#8220;35&#8243;][vc_column css=&#8220;.vc_custom_1573127064948{padding-top: 13.5% !important;padding-right: 9.5% !important;padding-bottom: 115px !important;padding-left: 9.5% !important;background-image: url(https:\/\/aperitif.qodeinteractive.com\/wp-content\/uploads\/2019\/09\/v-card-bckg-box-img.jpg?id=2157) !important;}&#8220; offset=&#8220;vc_col-lg-3\/5&#8243; column_responsive_padding_680=&#8220;60px 5% 70px 9%&#8220;][vc_empty_space height=&#8220;69px&#8220;][vc_empty_space height=&#8220;28px&#8220;][vc_empty_space height=&#8220;10px&#8220;][vc_empty_space height=&#8220;10px&#8220;][vc_empty_space height=&#8220;10px&#8220;][vc_empty_space height=&#8220;45px&#8220;][\/vc_column][vc_column offset=&#8220;vc_col-lg-2\/5&#8243;][\/vc_column][\/vc_row]<\/p>\n","protected":false},"author":1,"featured_media":8030,"parent":0,"menu_order":0,"comment_status":"closed","ping_status":"closed","template":"","meta":{"_vp_format_video_url":"","_vp_image_focal_point":[]},"diadromi":[202],"business":[179],"yoast_head":"<!-- This site is optimized with the Yoast SEO plugin v19.11 - https:\/\/yoast.com\/wordpress\/plugins\/seo\/ -->\n<title>GASTRODROMIO EN OLYMPO | WINEMAKERS OF NORTH GREECE<\/title>\n<meta name=\"robots\" content=\"index, follow, max-snippet:-1, max-image-preview:large, max-video-preview:-1\" \/>\n<link rel=\"canonical\" href=\"https:\/\/winemakersofnorthgreece.gr\/de\/gastrodromio-en-olympo\/\" \/>\n<meta property=\"og:locale\" content=\"de_DE\" \/>\n<meta property=\"og:type\" content=\"article\" \/>\n<meta property=\"og:title\" content=\"GASTRODROMIO EN OLYMPO | WINEMAKERS OF NORTH GREECE\" \/>\n<meta property=\"og:description\" content=\"[vc_row gap=&#8220;35&#8243;][vc_column css=&#8220;.vc_custom_1573127064948{padding-top: 13.5% !important;padding-right: 9.5% !important;padding-bottom: 115px !important;padding-left: 9.5% !important;background-image: url(https:\/\/aperitif.qodeinteractive.com\/wp-content\/uploads\/2019\/09\/v-card-bckg-box-img.jpg?id=2157) !important;}&#8220; offset=&#8220;vc_col-lg-3\/5&#8243; column_responsive_padding_680=&#8220;60px 5% 70px 9%&#8220;][vc_empty_space height=&#8220;69px&#8220;][vc_empty_space height=&#8220;28px&#8220;][vc_empty_space height=&#8220;10px&#8220;][vc_empty_space height=&#8220;10px&#8220;][vc_empty_space height=&#8220;10px&#8220;][vc_empty_space height=&#8220;45px&#8220;][\/vc_column][vc_column offset=&#8220;vc_col-lg-2\/5&#8243;][\/vc_column][\/vc_row]\" \/>\n<meta property=\"og:url\" content=\"https:\/\/winemakersofnorthgreece.gr\/de\/gastrodromio-en-olympo\/\" \/>\n<meta property=\"og:site_name\" content=\"WINEMAKERS OF NORTH GREECE\" \/>\n<meta property=\"article:publisher\" content=\"https:\/\/www.facebook.com\/Wine-Roads-of-North-Greece-110107051176714\" \/>\n<meta property=\"article:modified_time\" content=\"2021-09-17T09:17:29+00:00\" \/>\n<meta property=\"og:image\" content=\"https:\/\/winemakersofnorthgreece.gr\/wp-content\/uploads\/2021\/07\/\u03b1\u03c1\u03c7\u03b5\u03af\u03bf-\u03bb\u03ae\u03c8\u03b7\u03c2-4.jpg\" \/>\n\t<meta property=\"og:image:width\" content=\"275\" \/>\n\t<meta property=\"og:image:height\" content=\"183\" \/>\n\t<meta property=\"og:image:type\" content=\"image\/jpeg\" \/>\n<meta name=\"twitter:card\" content=\"summary_large_image\" \/>\n<meta name=\"twitter:site\" content=\"@Wines_ofNorthGR\" \/>\n<meta name=\"twitter:label1\" content=\"Gesch\u00e4tzte Lesezeit\" \/>\n\t<meta name=\"twitter:data1\" content=\"2\u00a0Minuten\" \/>\n<script type=\"application\/ld+json\" class=\"yoast-schema-graph\">{\"@context\":\"https:\/\/schema.org\",\"@graph\":[{\"@type\":\"WebPage\",\"@id\":\"https:\/\/winemakersofnorthgreece.gr\/de\/gastrodromio-en-olympo\/\",\"url\":\"https:\/\/winemakersofnorthgreece.gr\/de\/gastrodromio-en-olympo\/\",\"name\":\"GASTRODROMIO EN OLYMPO | WINEMAKERS OF NORTH GREECE\",\"isPartOf\":{\"@id\":\"https:\/\/winemakersofnorthgreece.gr\/de\/#website\"},\"datePublished\":\"2021-08-04T06:37:56+00:00\",\"dateModified\":\"2021-09-17T09:17:29+00:00\",\"breadcrumb\":{\"@id\":\"https:\/\/winemakersofnorthgreece.gr\/de\/gastrodromio-en-olympo\/#breadcrumb\"},\"inLanguage\":\"de\",\"potentialAction\":[{\"@type\":\"ReadAction\",\"target\":[\"https:\/\/winemakersofnorthgreece.gr\/de\/gastrodromio-en-olympo\/\"]}]},{\"@type\":\"BreadcrumbList\",\"@id\":\"https:\/\/winemakersofnorthgreece.gr\/de\/gastrodromio-en-olympo\/#breadcrumb\",\"itemListElement\":[{\"@type\":\"ListItem\",\"position\":1,\"name\":\"Home\",\"item\":\"https:\/\/winemakersofnorthgreece.gr\/de\/\"},{\"@type\":\"ListItem\",\"position\":2,\"name\":\"GASTRODROMIO EN OLYMPO\"}]},{\"@type\":\"WebSite\",\"@id\":\"https:\/\/winemakersofnorthgreece.gr\/de\/#website\",\"url\":\"https:\/\/winemakersofnorthgreece.gr\/de\/\",\"name\":\"WINEMAKERS OF NORTH GREECE\",\"description\":\"Leaders Create Here\",\"publisher\":{\"@id\":\"https:\/\/winemakersofnorthgreece.gr\/de\/#organization\"},\"potentialAction\":[{\"@type\":\"SearchAction\",\"target\":{\"@type\":\"EntryPoint\",\"urlTemplate\":\"https:\/\/winemakersofnorthgreece.gr\/de\/?s={search_term_string}\"},\"query-input\":\"required name=search_term_string\"}],\"inLanguage\":\"de\"},{\"@type\":\"Organization\",\"@id\":\"https:\/\/winemakersofnorthgreece.gr\/de\/#organization\",\"name\":\"\u039f\u0399\u039d\u039f\u03a0\u039f\u0399\u039f\u0399 \u0392\u039f\u03a1\u0395\u0399\u039f\u03a5 \u0395\u039b\u039b\u0391\u0394\u039f\u03a3\",\"url\":\"https:\/\/winemakersofnorthgreece.gr\/de\/\",\"logo\":{\"@type\":\"ImageObject\",\"inLanguage\":\"de\",\"@id\":\"https:\/\/winemakersofnorthgreece.gr\/de\/#\/schema\/logo\/image\/\",\"url\":\"https:\/\/winemakersofnorthgreece.gr\/wp-content\/uploads\/2021\/07\/ENOABE-LOGO-WEB.png\",\"contentUrl\":\"https:\/\/winemakersofnorthgreece.gr\/wp-content\/uploads\/2021\/07\/ENOABE-LOGO-WEB.png\",\"width\":501,\"height\":465,\"caption\":\"\u039f\u0399\u039d\u039f\u03a0\u039f\u0399\u039f\u0399 \u0392\u039f\u03a1\u0395\u0399\u039f\u03a5 \u0395\u039b\u039b\u0391\u0394\u039f\u03a3\"},\"image\":{\"@id\":\"https:\/\/winemakersofnorthgreece.gr\/de\/#\/schema\/logo\/image\/\"},\"sameAs\":[\"https:\/\/www.instagram.com\/wineroadsofnorthgreece\/\",\"https:\/\/www.youtube.com\/channel\/UCKfgiaGFpB1tdPUkiOf2wIw\",\"https:\/\/www.facebook.com\/Wine-Roads-of-North-Greece-110107051176714\",\"https:\/\/twitter.com\/Wines_ofNorthGR\"]}]}<\/script>\n<!-- \/ Yoast SEO plugin. -->","yoast_head_json":{"title":"GASTRODROMIO EN OLYMPO | WINEMAKERS OF NORTH GREECE","robots":{"index":"index","follow":"follow","max-snippet":"max-snippet:-1","max-image-preview":"max-image-preview:large","max-video-preview":"max-video-preview:-1"},"canonical":"https:\/\/winemakersofnorthgreece.gr\/de\/gastrodromio-en-olympo\/","og_locale":"de_DE","og_type":"article","og_title":"GASTRODROMIO EN OLYMPO | WINEMAKERS OF NORTH GREECE","og_description":"[vc_row gap=&#8220;35&#8243;][vc_column css=&#8220;.vc_custom_1573127064948{padding-top: 13.5% !important;padding-right: 9.5% !important;padding-bottom: 115px !important;padding-left: 9.5% !important;background-image: url(https:\/\/aperitif.qodeinteractive.com\/wp-content\/uploads\/2019\/09\/v-card-bckg-box-img.jpg?id=2157) !important;}&#8220; offset=&#8220;vc_col-lg-3\/5&#8243; column_responsive_padding_680=&#8220;60px 5% 70px 9%&#8220;][vc_empty_space height=&#8220;69px&#8220;][vc_empty_space height=&#8220;28px&#8220;][vc_empty_space height=&#8220;10px&#8220;][vc_empty_space height=&#8220;10px&#8220;][vc_empty_space height=&#8220;10px&#8220;][vc_empty_space height=&#8220;45px&#8220;][\/vc_column][vc_column offset=&#8220;vc_col-lg-2\/5&#8243;][\/vc_column][\/vc_row]","og_url":"https:\/\/winemakersofnorthgreece.gr\/de\/gastrodromio-en-olympo\/","og_site_name":"WINEMAKERS OF NORTH GREECE","article_publisher":"https:\/\/www.facebook.com\/Wine-Roads-of-North-Greece-110107051176714","article_modified_time":"2021-09-17T09:17:29+00:00","og_image":[{"width":275,"height":183,"url":"https:\/\/winemakersofnorthgreece.gr\/wp-content\/uploads\/2021\/07\/\u03b1\u03c1\u03c7\u03b5\u03af\u03bf-\u03bb\u03ae\u03c8\u03b7\u03c2-4.jpg","type":"image\/jpeg"}],"twitter_card":"summary_large_image","twitter_site":"@Wines_ofNorthGR","twitter_misc":{"Gesch\u00e4tzte Lesezeit":"2\u00a0Minuten"},"schema":{"@context":"https:\/\/schema.org","@graph":[{"@type":"WebPage","@id":"https:\/\/winemakersofnorthgreece.gr\/de\/gastrodromio-en-olympo\/","url":"https:\/\/winemakersofnorthgreece.gr\/de\/gastrodromio-en-olympo\/","name":"GASTRODROMIO EN OLYMPO | WINEMAKERS OF NORTH GREECE","isPartOf":{"@id":"https:\/\/winemakersofnorthgreece.gr\/de\/#website"},"datePublished":"2021-08-04T06:37:56+00:00","dateModified":"2021-09-17T09:17:29+00:00","breadcrumb":{"@id":"https:\/\/winemakersofnorthgreece.gr\/de\/gastrodromio-en-olympo\/#breadcrumb"},"inLanguage":"de","potentialAction":[{"@type":"ReadAction","target":["https:\/\/winemakersofnorthgreece.gr\/de\/gastrodromio-en-olympo\/"]}]},{"@type":"BreadcrumbList","@id":"https:\/\/winemakersofnorthgreece.gr\/de\/gastrodromio-en-olympo\/#breadcrumb","itemListElement":[{"@type":"ListItem","position":1,"name":"Home","item":"https:\/\/winemakersofnorthgreece.gr\/de\/"},{"@type":"ListItem","position":2,"name":"GASTRODROMIO EN OLYMPO"}]},{"@type":"WebSite","@id":"https:\/\/winemakersofnorthgreece.gr\/de\/#website","url":"https:\/\/winemakersofnorthgreece.gr\/de\/","name":"WINEMAKERS OF NORTH GREECE","description":"Leaders Create Here","publisher":{"@id":"https:\/\/winemakersofnorthgreece.gr\/de\/#organization"},"potentialAction":[{"@type":"SearchAction","target":{"@type":"EntryPoint","urlTemplate":"https:\/\/winemakersofnorthgreece.gr\/de\/?s={search_term_string}"},"query-input":"required name=search_term_string"}],"inLanguage":"de"},{"@type":"Organization","@id":"https:\/\/winemakersofnorthgreece.gr\/de\/#organization","name":"\u039f\u0399\u039d\u039f\u03a0\u039f\u0399\u039f\u0399 \u0392\u039f\u03a1\u0395\u0399\u039f\u03a5 \u0395\u039b\u039b\u0391\u0394\u039f\u03a3","url":"https:\/\/winemakersofnorthgreece.gr\/de\/","logo":{"@type":"ImageObject","inLanguage":"de","@id":"https:\/\/winemakersofnorthgreece.gr\/de\/#\/schema\/logo\/image\/","url":"https:\/\/winemakersofnorthgreece.gr\/wp-content\/uploads\/2021\/07\/ENOABE-LOGO-WEB.png","contentUrl":"https:\/\/winemakersofnorthgreece.gr\/wp-content\/uploads\/2021\/07\/ENOABE-LOGO-WEB.png","width":501,"height":465,"caption":"\u039f\u0399\u039d\u039f\u03a0\u039f\u0399\u039f\u0399 \u0392\u039f\u03a1\u0395\u0399\u039f\u03a5 \u0395\u039b\u039b\u0391\u0394\u039f\u03a3"},"image":{"@id":"https:\/\/winemakersofnorthgreece.gr\/de\/#\/schema\/logo\/image\/"},"sameAs":["https:\/\/www.instagram.com\/wineroadsofnorthgreece\/","https:\/\/www.youtube.com\/channel\/UCKfgiaGFpB1tdPUkiOf2wIw","https:\/\/www.facebook.com\/Wine-Roads-of-North-Greece-110107051176714","https:\/\/twitter.com\/Wines_ofNorthGR"]}]}},"_links":{"self":[{"href":"https:\/\/winemakersofnorthgreece.gr\/de\/wp-json\/wp\/v2\/pages\/9668"}],"collection":[{"href":"https:\/\/winemakersofnorthgreece.gr\/de\/wp-json\/wp\/v2\/pages"}],"about":[{"href":"https:\/\/winemakersofnorthgreece.gr\/de\/wp-json\/wp\/v2\/types\/page"}],"author":[{"embeddable":true,"href":"https:\/\/winemakersofnorthgreece.gr\/de\/wp-json\/wp\/v2\/users\/1"}],"replies":[{"embeddable":true,"href":"https:\/\/winemakersofnorthgreece.gr\/de\/wp-json\/wp\/v2\/comments?post=9668"}],"version-history":[{"count":5,"href":"https:\/\/winemakersofnorthgreece.gr\/de\/wp-json\/wp\/v2\/pages\/9668\/revisions"}],"predecessor-version":[{"id":9672,"href":"https:\/\/winemakersofnorthgreece.gr\/de\/wp-json\/wp\/v2\/pages\/9668\/revisions\/9672"}],"wp:featuredmedia":[{"embeddable":true,"href":"https:\/\/winemakersofnorthgreece.gr\/de\/wp-json\/wp\/v2\/media\/8030"}],"wp:attachment":[{"href":"https:\/\/winemakersofnorthgreece.gr\/de\/wp-json\/wp\/v2\/media?parent=9668"}],"wp:term":[{"taxonomy":"diadromi","embeddable":true,"href":"https:\/\/winemakersofnorthgreece.gr\/de\/wp-json\/wp\/v2\/diadromi?post=9668"},{"taxonomy":"business","embeddable":true,"href":"https:\/\/winemakersofnorthgreece.gr\/de\/wp-json\/wp\/v2\/business?post=9668"}],"curies":[{"name":"wp","href":"https:\/\/api.w.org\/{rel}","templated":true}]}}