{"id":9764,"date":"2021-08-04T11:38:39","date_gmt":"2021-08-04T08:38:39","guid":{"rendered":"https:\/\/winemakersofnorthgreece.gr\/?page_id=9764"},"modified":"2021-09-17T12:40:08","modified_gmt":"2021-09-17T09:40:08","slug":"nymphen-hotel","status":"publish","type":"page","link":"https:\/\/winemakersofnorthgreece.gr\/de\/nymphen-hotel\/","title":{"rendered":"NYMPHEN HOTEL"},"content":{"rendered":"<p>[vc_row gap=&#8220;35&#8243;][vc_column css=&#8220;.vc_custom_1573127064948{padding-top: 13.5% !important;padding-right: 9.5% !important;padding-bottom: 115px !important;padding-left: 9.5% !important;background-image: url(https:\/\/aperitif.qodeinteractive.com\/wp-content\/uploads\/2019\/09\/v-card-bckg-box-img.jpg?id=2157) !important;}&#8220; offset=&#8220;vc_col-lg-3\/5&#8243; column_responsive_padding_680=&#8220;60px 5% 70px 9%&#8220;]<div class=\"qodef-shortcode qodef-m  qodef-section-title qodef-alignment--left \">\n\t\t<h2 class=\"qodef-m-title\" >\n\t\tNymphen\t\t<\/h2>\n\t\t<p class=\"qodef-m-subtitle\" >\u03a4raditionelles Hotel<\/p>\n\t\t<div class=\"qodef-m-text\" style=\"margin-top: -4px\"> <\/div>\n<\/div>[vc_empty_space height=&#8220;63px&#8220;][vc_row_inner][vc_column_inner][vc_column_text css=&#8220;.vc_custom_1628066444134{margin-top: -12px !important;}&#8220;]<\/p>\n<p align=\"justify\"><span lang=\"de-DE\">Traditionelles Hotel im Herzen des m\u00e4rchenhaften Nymphaio, in einem Geb\u00e4ude aus dem Jahr 1923, das 2008 restauriert wurde. Sechs Zimmer mit Namen von Nymphen und Dekoration, die dem Mythos der jeweiligen Nymphe entspricht. Der Spa-Raum wird privat reserviert, mit Kerzen und entspannender Musik. In den Sommermonaten k\u00f6nnen Sie Ihr Fr\u00fchst\u00fcck, Ihren Drink, Wein sowie kleine Snacks in unserem Hof genie\u00dfen, und im Winter vor dem Kamin im Salon des Hotels<\/span><span lang=\"en-US\">.<\/span><\/p>\n<p>[\/vc_column_text][\/vc_column_inner][\/vc_row_inner][vc_empty_space height=&#8220;69px&#8220;]<div class=\"qodef-shortcode qodef-m  qodef-image-gallery qodef-magnific-popup qodef-popup-gallery qodef-grid qodef-layout--columns  qodef-gutter--medium qodef-col-num--3   qodef-responsive--predefined\">\n\t<div class=\"qodef-grid-inner clear\">\n\t\t<div class=\"qodef-e qodef-image-wrapper qodef-grid-item\">\n\t\t<a class=\"qodef-popup-item\" itemprop=\"image\" href=\"https:\/\/winemakersofnorthgreece.gr\/wp-content\/uploads\/2021\/07\/2014-0006.jpg\" data-type=\"image\"\n\t   title=\"\u039d\u03a5\u039c\u03a6\u0395\u03a3 \u03a0\u0391\u03a1\u0391\u0394\u039f\u03a3\u0399\u0391\u039a\u039f \u039e\u0395\u039d\u039f\u0394\u039f\u03a7\u0395\u0399\u039f\">\n\t\t\t\t\t<img src=\"https:\/\/winemakersofnorthgreece.gr\/wp-content\/uploads\/2021\/07\/2014-0006-280x240.jpg\" alt=\"\u039d\u03a5\u039c\u03a6\u0395\u03a3 \u03a0\u0391\u03a1\u0391\u0394\u039f\u03a3\u0399\u0391\u039a\u039f \u039e\u0395\u039d\u039f\u0394\u039f\u03a7\u0395\u0399\u039f\" width=\"280\" height=\"240\" data-ratio=\"1.1666666666667\" \/>\t\t\t\t\t<\/a>\n\t<\/div><div class=\"qodef-e qodef-image-wrapper qodef-grid-item\">\n\t\t<a class=\"qodef-popup-item\" itemprop=\"image\" href=\"https:\/\/winemakersofnorthgreece.gr\/wp-content\/uploads\/2021\/07\/2014-0025.jpg\" data-type=\"image\"\n\t   title=\"\u039d\u03a5\u039c\u03a6\u0395\u03a3 \u03a0\u0391\u03a1\u0391\u0394\u039f\u03a3\u0399\u0391\u039a\u039f \u039e\u0395\u039d\u039f\u0394\u039f\u03a7\u0395\u0399\u039f\">\n\t\t\t\t\t<img src=\"https:\/\/winemakersofnorthgreece.gr\/wp-content\/uploads\/2021\/07\/2014-0025-280x240.jpg\" alt=\"\u039d\u03a5\u039c\u03a6\u0395\u03a3 \u03a0\u0391\u03a1\u0391\u0394\u039f\u03a3\u0399\u0391\u039a\u039f \u039e\u0395\u039d\u039f\u0394\u039f\u03a7\u0395\u0399\u039f\" width=\"280\" height=\"240\" data-ratio=\"1.1666666666667\" \/>\t\t\t\t\t<\/a>\n\t<\/div>\t<\/div>\n<\/div>[vc_empty_space height=&#8220;28px&#8220;]<div class=\"qodef-shortcode qodef-m  qodef-section-title qodef-alignment--left \">\n\t\t<h4 class=\"qodef-m-title\" >\n\t\tKontakt\t\t<\/h4>\n\t\t<p class=\"qodef-m-subtitle\" >F\u00fcr \u039cehr Informationen<\/p>\n\t<\/div><div class=\"qodef-shortcode qodef-m  qodef-icon-with-text qodef-layout--before-content qodef--icon-pack\">\n\t<div class=\"qodef-m-icon-wrapper\">\n\t\t<span class=\"qodef-shortcode qodef-m  qodef-icon-holder qodef-size--default qodef-layout--normal\"  style=\"color: #c8693a\">\t\t\t<a itemprop=\"url\" href=\"https:\/\/www.google.gr\/maps\/place\/%CE%9E%CE%B5%CE%BD%CE%BF%CE%B4%CE%BF%CF%87%CE%B5%CE%AF%CE%BF+%CE%9D%CF%8D%CE%BC%CF%86%CE%B5%CF%82\/@40.6432891,21.4913867,17z\/data=!3m1!4b1!4m8!3m7!1s0x135767e92e34904f:0x82c3c84933d2871e!5m2!4m1!1i2!8m2!3d40.6432891!4d21.4935754?hl=el&#038;authuser=0\" target=\"_blank\">        <span class=\"qodef-icon-linea-icons icon-basic-geolocalize-05 qodef-icon qodef-e\" style=\"font-size:21px\" ><\/span>            <\/a>\t<\/span>\t<\/div>\n\t<div class=\"qodef-m-content\">\n\t\t\t\t\t\t\t<a itemprop=\"url\" href=\"https:\/\/www.google.gr\/maps\/place\/%CE%9E%CE%B5%CE%BD%CE%BF%CE%B4%CE%BF%CF%87%CE%B5%CE%AF%CE%BF+%CE%9D%CF%8D%CE%BC%CF%86%CE%B5%CF%82\/@40.6432891,21.4913867,17z\/data=!3m1!4b1!4m8!3m7!1s0x135767e92e34904f:0x82c3c84933d2871e!5m2!4m1!1i2!8m2!3d40.6432891!4d21.4935754?hl=el&#038;authuser=0\" target=\"_blank\">\n\t\t<p class=\"qodef-m-text\" style=\"margin-top: -2px;color: #817c7b\">Nymphaio, Florina<\/p>\n\t\t\t<\/a>\n\t\t<\/div>\n<\/div>[vc_empty_space height=&#8220;10px&#8220;]<div class=\"qodef-shortcode qodef-m  qodef-icon-with-text qodef-layout--before-content qodef--icon-pack\">\n\t<div class=\"qodef-m-icon-wrapper\">\n\t\t<span class=\"qodef-shortcode qodef-m  qodef-icon-holder qodef-size--default qodef-layout--normal\"  style=\"color: #c8693a\">\t\t\t<a itemprop=\"url\" href=\"mailto:info@nymfeshotel.gr\" target=\"_blank\">        <span class=\"qodef-icon-linea-icons icon-basic-mail qodef-icon qodef-e\" style=\"font-size:21px\" ><\/span>            <\/a>\t<\/span>\t<\/div>\n\t<div class=\"qodef-m-content\">\n\t\t\t\t\t\t\t<a itemprop=\"url\" href=\"mailto:info@nymfeshotel.gr\" target=\"_blank\">\n\t\t<p class=\"qodef-m-text\" style=\"margin-top: -2px;color: #817c7b\">info@nymfeshotel.gr<\/p>\n\t\t\t<\/a>\n\t\t<\/div>\n<\/div>[vc_empty_space height=&#8220;10px&#8220;]<div class=\"qodef-shortcode qodef-m  qodef-icon-with-text qodef-layout--before-content qodef--icon-pack\">\n\t<div class=\"qodef-m-icon-wrapper\">\n\t\t<span class=\"qodef-shortcode qodef-m  qodef-icon-holder qodef-size--default qodef-layout--normal\"  style=\"color: #c8693a\">\t\t\t<a itemprop=\"url\" href=\"https:\/\/www.nymfeshotel.gr\/\" target=\"_blank\">        <span class=\"qodef-icon-linea-icons icon-basic-world qodef-icon qodef-e\" style=\"font-size:21px\" ><\/span>            <\/a>\t<\/span>\t<\/div>\n\t<div class=\"qodef-m-content\">\n\t\t\t\t\t\t\t<a itemprop=\"url\" href=\"https:\/\/www.nymfeshotel.gr\/\" target=\"_blank\">\n\t\t<p class=\"qodef-m-text\" style=\"margin-top: -2px;color: #817c7b\">www.nymfeshotel.gr<\/p>\n\t\t\t<\/a>\n\t\t<\/div>\n<\/div>[vc_empty_space height=&#8220;10px&#8220;]<div class=\"qodef-shortcode qodef-m  qodef-icon-with-text qodef-layout--before-content qodef--icon-pack\">\n\t<div class=\"qodef-m-icon-wrapper\">\n\t\t<span class=\"qodef-shortcode qodef-m  qodef-icon-holder qodef-size--default qodef-layout--normal\"  style=\"color: #c8693a\">\t\t\t<a itemprop=\"url\" href=\"tel:+302386031114\" target=\"_blank\">        <span class=\"qodef-icon-linea-icons icon-basic-smartphone qodef-icon qodef-e\" style=\"font-size:21px\" ><\/span>            <\/a>\t<\/span>\t<\/div>\n\t<div class=\"qodef-m-content\">\n\t\t\t\t\t\t\t<a itemprop=\"url\" href=\"tel:+302386031114\" target=\"_blank\">\n\t\t<p class=\"qodef-m-text\" style=\"margin-top: -2px;color: #817c7b\">+30 23860 31114<\/p>\n\t\t\t<\/a>\n\t\t<\/div>\n<\/div>[vc_empty_space height=&#8220;45px&#8220;][\/vc_column][vc_column offset=&#8220;vc_col-lg-2\/5&#8243;][\/vc_column][\/vc_row]<\/p>\n","protected":false},"excerpt":{"rendered":"<p>[vc_row gap=&#8220;35&#8243;][vc_column css=&#8220;.vc_custom_1573127064948{padding-top: 13.5% !important;padding-right: 9.5% !important;padding-bottom: 115px !important;padding-left: 9.5% !important;background-image: url(https:\/\/aperitif.qodeinteractive.com\/wp-content\/uploads\/2019\/09\/v-card-bckg-box-img.jpg?id=2157) !important;}&#8220; offset=&#8220;vc_col-lg-3\/5&#8243; column_responsive_padding_680=&#8220;60px 5% 70px 9%&#8220;][vc_empty_space height=&#8220;63px&#8220;][vc_row_inner][vc_column_inner][vc_column_text css=&#8220;.vc_custom_1628066444134{margin-top: -12px !important;}&#8220;] Traditionelles Hotel im Herzen des m\u00e4rchenhaften Nymphaio, in [&hellip;]<\/p>\n","protected":false},"author":1,"featured_media":8196,"parent":0,"menu_order":0,"comment_status":"closed","ping_status":"closed","template":"","meta":{"_vp_format_video_url":"","_vp_image_focal_point":[]},"diadromi":[205],"business":[181],"yoast_head":"<!-- This site is optimized with the Yoast SEO plugin v19.11 - https:\/\/yoast.com\/wordpress\/plugins\/seo\/ -->\n<title>NYMPHEN HOTEL | WINEMAKERS OF NORTH GREECE<\/title>\n<meta name=\"robots\" content=\"index, follow, max-snippet:-1, max-image-preview:large, max-video-preview:-1\" \/>\n<link rel=\"canonical\" href=\"https:\/\/winemakersofnorthgreece.gr\/de\/nymphen-hotel\/\" \/>\n<meta property=\"og:locale\" content=\"de_DE\" \/>\n<meta property=\"og:type\" content=\"article\" \/>\n<meta property=\"og:title\" content=\"NYMPHEN HOTEL | WINEMAKERS OF NORTH GREECE\" \/>\n<meta property=\"og:description\" content=\"[vc_row gap=&#8220;35&#8243;][vc_column css=&#8220;.vc_custom_1573127064948{padding-top: 13.5% !important;padding-right: 9.5% !important;padding-bottom: 115px !important;padding-left: 9.5% !important;background-image: url(https:\/\/aperitif.qodeinteractive.com\/wp-content\/uploads\/2019\/09\/v-card-bckg-box-img.jpg?id=2157) !important;}&#8220; offset=&#8220;vc_col-lg-3\/5&#8243; column_responsive_padding_680=&#8220;60px 5% 70px 9%&#8220;][vc_empty_space height=&#8220;63px&#8220;][vc_row_inner][vc_column_inner][vc_column_text css=&#8220;.vc_custom_1628066444134{margin-top: -12px !important;}&#8220;] Traditionelles Hotel im Herzen des m\u00e4rchenhaften Nymphaio, in [&hellip;]\" \/>\n<meta property=\"og:url\" content=\"https:\/\/winemakersofnorthgreece.gr\/de\/nymphen-hotel\/\" \/>\n<meta property=\"og:site_name\" content=\"WINEMAKERS OF NORTH GREECE\" \/>\n<meta property=\"article:publisher\" content=\"https:\/\/www.facebook.com\/Wine-Roads-of-North-Greece-110107051176714\" \/>\n<meta property=\"article:modified_time\" content=\"2021-09-17T09:40:08+00:00\" \/>\n<meta property=\"og:image\" content=\"https:\/\/winemakersofnorthgreece.gr\/wp-content\/uploads\/2021\/07\/2014-0006.jpg\" \/>\n\t<meta property=\"og:image:width\" content=\"900\" \/>\n\t<meta property=\"og:image:height\" content=\"600\" \/>\n\t<meta property=\"og:image:type\" content=\"image\/jpeg\" \/>\n<meta name=\"twitter:card\" content=\"summary_large_image\" \/>\n<meta name=\"twitter:site\" content=\"@Wines_ofNorthGR\" \/>\n<meta name=\"twitter:label1\" content=\"Gesch\u00e4tzte Lesezeit\" \/>\n\t<meta name=\"twitter:data1\" content=\"1\u00a0Minute\" \/>\n<script type=\"application\/ld+json\" class=\"yoast-schema-graph\">{\"@context\":\"https:\/\/schema.org\",\"@graph\":[{\"@type\":\"WebPage\",\"@id\":\"https:\/\/winemakersofnorthgreece.gr\/de\/nymphen-hotel\/\",\"url\":\"https:\/\/winemakersofnorthgreece.gr\/de\/nymphen-hotel\/\",\"name\":\"NYMPHEN HOTEL | WINEMAKERS OF NORTH GREECE\",\"isPartOf\":{\"@id\":\"https:\/\/winemakersofnorthgreece.gr\/de\/#website\"},\"datePublished\":\"2021-08-04T08:38:39+00:00\",\"dateModified\":\"2021-09-17T09:40:08+00:00\",\"breadcrumb\":{\"@id\":\"https:\/\/winemakersofnorthgreece.gr\/de\/nymphen-hotel\/#breadcrumb\"},\"inLanguage\":\"de\",\"potentialAction\":[{\"@type\":\"ReadAction\",\"target\":[\"https:\/\/winemakersofnorthgreece.gr\/de\/nymphen-hotel\/\"]}]},{\"@type\":\"BreadcrumbList\",\"@id\":\"https:\/\/winemakersofnorthgreece.gr\/de\/nymphen-hotel\/#breadcrumb\",\"itemListElement\":[{\"@type\":\"ListItem\",\"position\":1,\"name\":\"Home\",\"item\":\"https:\/\/winemakersofnorthgreece.gr\/de\/\"},{\"@type\":\"ListItem\",\"position\":2,\"name\":\"NYMPHEN HOTEL\"}]},{\"@type\":\"WebSite\",\"@id\":\"https:\/\/winemakersofnorthgreece.gr\/de\/#website\",\"url\":\"https:\/\/winemakersofnorthgreece.gr\/de\/\",\"name\":\"WINEMAKERS OF NORTH GREECE\",\"description\":\"Leaders Create Here\",\"publisher\":{\"@id\":\"https:\/\/winemakersofnorthgreece.gr\/de\/#organization\"},\"potentialAction\":[{\"@type\":\"SearchAction\",\"target\":{\"@type\":\"EntryPoint\",\"urlTemplate\":\"https:\/\/winemakersofnorthgreece.gr\/de\/?s={search_term_string}\"},\"query-input\":\"required name=search_term_string\"}],\"inLanguage\":\"de\"},{\"@type\":\"Organization\",\"@id\":\"https:\/\/winemakersofnorthgreece.gr\/de\/#organization\",\"name\":\"\u039f\u0399\u039d\u039f\u03a0\u039f\u0399\u039f\u0399 \u0392\u039f\u03a1\u0395\u0399\u039f\u03a5 \u0395\u039b\u039b\u0391\u0394\u039f\u03a3\",\"url\":\"https:\/\/winemakersofnorthgreece.gr\/de\/\",\"logo\":{\"@type\":\"ImageObject\",\"inLanguage\":\"de\",\"@id\":\"https:\/\/winemakersofnorthgreece.gr\/de\/#\/schema\/logo\/image\/\",\"url\":\"https:\/\/winemakersofnorthgreece.gr\/wp-content\/uploads\/2021\/07\/ENOABE-LOGO-WEB.png\",\"contentUrl\":\"https:\/\/winemakersofnorthgreece.gr\/wp-content\/uploads\/2021\/07\/ENOABE-LOGO-WEB.png\",\"width\":501,\"height\":465,\"caption\":\"\u039f\u0399\u039d\u039f\u03a0\u039f\u0399\u039f\u0399 \u0392\u039f\u03a1\u0395\u0399\u039f\u03a5 \u0395\u039b\u039b\u0391\u0394\u039f\u03a3\"},\"image\":{\"@id\":\"https:\/\/winemakersofnorthgreece.gr\/de\/#\/schema\/logo\/image\/\"},\"sameAs\":[\"https:\/\/www.instagram.com\/wineroadsofnorthgreece\/\",\"https:\/\/www.youtube.com\/channel\/UCKfgiaGFpB1tdPUkiOf2wIw\",\"https:\/\/www.facebook.com\/Wine-Roads-of-North-Greece-110107051176714\",\"https:\/\/twitter.com\/Wines_ofNorthGR\"]}]}<\/script>\n<!-- \/ Yoast SEO plugin. -->","yoast_head_json":{"title":"NYMPHEN HOTEL | WINEMAKERS OF NORTH GREECE","robots":{"index":"index","follow":"follow","max-snippet":"max-snippet:-1","max-image-preview":"max-image-preview:large","max-video-preview":"max-video-preview:-1"},"canonical":"https:\/\/winemakersofnorthgreece.gr\/de\/nymphen-hotel\/","og_locale":"de_DE","og_type":"article","og_title":"NYMPHEN HOTEL | WINEMAKERS OF NORTH GREECE","og_description":"[vc_row gap=&#8220;35&#8243;][vc_column css=&#8220;.vc_custom_1573127064948{padding-top: 13.5% !important;padding-right: 9.5% !important;padding-bottom: 115px !important;padding-left: 9.5% !important;background-image: url(https:\/\/aperitif.qodeinteractive.com\/wp-content\/uploads\/2019\/09\/v-card-bckg-box-img.jpg?id=2157) !important;}&#8220; offset=&#8220;vc_col-lg-3\/5&#8243; column_responsive_padding_680=&#8220;60px 5% 70px 9%&#8220;][vc_empty_space height=&#8220;63px&#8220;][vc_row_inner][vc_column_inner][vc_column_text css=&#8220;.vc_custom_1628066444134{margin-top: -12px !important;}&#8220;] Traditionelles Hotel im Herzen des m\u00e4rchenhaften Nymphaio, in [&hellip;]","og_url":"https:\/\/winemakersofnorthgreece.gr\/de\/nymphen-hotel\/","og_site_name":"WINEMAKERS OF NORTH GREECE","article_publisher":"https:\/\/www.facebook.com\/Wine-Roads-of-North-Greece-110107051176714","article_modified_time":"2021-09-17T09:40:08+00:00","og_image":[{"width":900,"height":600,"url":"https:\/\/winemakersofnorthgreece.gr\/wp-content\/uploads\/2021\/07\/2014-0006.jpg","type":"image\/jpeg"}],"twitter_card":"summary_large_image","twitter_site":"@Wines_ofNorthGR","twitter_misc":{"Gesch\u00e4tzte Lesezeit":"1\u00a0Minute"},"schema":{"@context":"https:\/\/schema.org","@graph":[{"@type":"WebPage","@id":"https:\/\/winemakersofnorthgreece.gr\/de\/nymphen-hotel\/","url":"https:\/\/winemakersofnorthgreece.gr\/de\/nymphen-hotel\/","name":"NYMPHEN HOTEL | WINEMAKERS OF NORTH GREECE","isPartOf":{"@id":"https:\/\/winemakersofnorthgreece.gr\/de\/#website"},"datePublished":"2021-08-04T08:38:39+00:00","dateModified":"2021-09-17T09:40:08+00:00","breadcrumb":{"@id":"https:\/\/winemakersofnorthgreece.gr\/de\/nymphen-hotel\/#breadcrumb"},"inLanguage":"de","potentialAction":[{"@type":"ReadAction","target":["https:\/\/winemakersofnorthgreece.gr\/de\/nymphen-hotel\/"]}]},{"@type":"BreadcrumbList","@id":"https:\/\/winemakersofnorthgreece.gr\/de\/nymphen-hotel\/#breadcrumb","itemListElement":[{"@type":"ListItem","position":1,"name":"Home","item":"https:\/\/winemakersofnorthgreece.gr\/de\/"},{"@type":"ListItem","position":2,"name":"NYMPHEN HOTEL"}]},{"@type":"WebSite","@id":"https:\/\/winemakersofnorthgreece.gr\/de\/#website","url":"https:\/\/winemakersofnorthgreece.gr\/de\/","name":"WINEMAKERS OF NORTH GREECE","description":"Leaders Create Here","publisher":{"@id":"https:\/\/winemakersofnorthgreece.gr\/de\/#organization"},"potentialAction":[{"@type":"SearchAction","target":{"@type":"EntryPoint","urlTemplate":"https:\/\/winemakersofnorthgreece.gr\/de\/?s={search_term_string}"},"query-input":"required name=search_term_string"}],"inLanguage":"de"},{"@type":"Organization","@id":"https:\/\/winemakersofnorthgreece.gr\/de\/#organization","name":"\u039f\u0399\u039d\u039f\u03a0\u039f\u0399\u039f\u0399 \u0392\u039f\u03a1\u0395\u0399\u039f\u03a5 \u0395\u039b\u039b\u0391\u0394\u039f\u03a3","url":"https:\/\/winemakersofnorthgreece.gr\/de\/","logo":{"@type":"ImageObject","inLanguage":"de","@id":"https:\/\/winemakersofnorthgreece.gr\/de\/#\/schema\/logo\/image\/","url":"https:\/\/winemakersofnorthgreece.gr\/wp-content\/uploads\/2021\/07\/ENOABE-LOGO-WEB.png","contentUrl":"https:\/\/winemakersofnorthgreece.gr\/wp-content\/uploads\/2021\/07\/ENOABE-LOGO-WEB.png","width":501,"height":465,"caption":"\u039f\u0399\u039d\u039f\u03a0\u039f\u0399\u039f\u0399 \u0392\u039f\u03a1\u0395\u0399\u039f\u03a5 \u0395\u039b\u039b\u0391\u0394\u039f\u03a3"},"image":{"@id":"https:\/\/winemakersofnorthgreece.gr\/de\/#\/schema\/logo\/image\/"},"sameAs":["https:\/\/www.instagram.com\/wineroadsofnorthgreece\/","https:\/\/www.youtube.com\/channel\/UCKfgiaGFpB1tdPUkiOf2wIw","https:\/\/www.facebook.com\/Wine-Roads-of-North-Greece-110107051176714","https:\/\/twitter.com\/Wines_ofNorthGR"]}]}},"_links":{"self":[{"href":"https:\/\/winemakersofnorthgreece.gr\/de\/wp-json\/wp\/v2\/pages\/9764"}],"collection":[{"href":"https:\/\/winemakersofnorthgreece.gr\/de\/wp-json\/wp\/v2\/pages"}],"about":[{"href":"https:\/\/winemakersofnorthgreece.gr\/de\/wp-json\/wp\/v2\/types\/page"}],"author":[{"embeddable":true,"href":"https:\/\/winemakersofnorthgreece.gr\/de\/wp-json\/wp\/v2\/users\/1"}],"replies":[{"embeddable":true,"href":"https:\/\/winemakersofnorthgreece.gr\/de\/wp-json\/wp\/v2\/comments?post=9764"}],"version-history":[{"count":4,"href":"https:\/\/winemakersofnorthgreece.gr\/de\/wp-json\/wp\/v2\/pages\/9764\/revisions"}],"predecessor-version":[{"id":9768,"href":"https:\/\/winemakersofnorthgreece.gr\/de\/wp-json\/wp\/v2\/pages\/9764\/revisions\/9768"}],"wp:featuredmedia":[{"embeddable":true,"href":"https:\/\/winemakersofnorthgreece.gr\/de\/wp-json\/wp\/v2\/media\/8196"}],"wp:attachment":[{"href":"https:\/\/winemakersofnorthgreece.gr\/de\/wp-json\/wp\/v2\/media?parent=9764"}],"wp:term":[{"taxonomy":"diadromi","embeddable":true,"href":"https:\/\/winemakersofnorthgreece.gr\/de\/wp-json\/wp\/v2\/diadromi?post=9764"},{"taxonomy":"business","embeddable":true,"href":"https:\/\/winemakersofnorthgreece.gr\/de\/wp-json\/wp\/v2\/business?post=9764"}],"curies":[{"name":"wp","href":"https:\/\/api.w.org\/{rel}","templated":true}]}}